{"id":450,"date":"2018-02-09T12:48:12","date_gmt":"2018-02-09T10:48:12","guid":{"rendered":"http:\/\/www.ksttukku.fi\/kauppa\/?post_type=product&#038;p=450"},"modified":"2020-04-28T12:33:11","modified_gmt":"2020-04-28T09:33:11","slug":"dal-ip54","status":"publish","type":"product","link":"https:\/\/www.ksttukku.fi\/kauppa\/tuote\/dal-ip54\/","title":{"rendered":"Dal sein\u00e4valaisin IP54"},"content":{"rendered":"<p>Yleis- tai numerovalaisimeksi soveltuva Dal-sein\u00e4valaisin ulkotiloihin. Mukana mustat kirjain- ja numerotarrat (A-J \/ 0-9).<\/p>\n<p>Valaisimen mitat: 200 x 161,5 x 84,5 mm<\/p>\n<p>Teho: 8,5 W<\/p>\n<p>Valovirta: 240 lm<\/p>\n<p>V\u00e4ril\u00e4mp\u00f6tila: 3000 K<\/p>\n<p>V\u00e4ri: valkoinen<\/p>\n","protected":false},"excerpt":{"rendered":"<p>Yleis- tai numerovalaisimeksi soveltuva Dal-sein\u00e4valaisin ulkotiloihin. Mukana mustat kirjain- ja numerotarrat (A-J \/ 0-9). Valaisimen mitat: 200 x 161,5 x 84,5 mm Teho: 8,5 W Valovirta: 240 lm V\u00e4ril\u00e4mp\u00f6tila: 3000 K V\u00e4ri: valkoinen<\/p>\n","protected":false},"featured_media":451,"comment_status":"closed","ping_status":"closed","template":"","meta":[],"product_brand":[],"product_cat":[37,36],"product_tag":[],"class_list":{"0":"post-450","1":"product","2":"type-product","3":"status-publish","4":"has-post-thumbnail","6":"product_cat-seinavalaisimet","7":"product_cat-ulkovalaisimet","9":"first","10":"outofstock","11":"taxable","12":"shipping-taxable","13":"purchasable","14":"product-type-simple"},"_links":{"self":[{"href":"https:\/\/www.ksttukku.fi\/kauppa\/wp-json\/wp\/v2\/product\/450","targetHints":{"allow":["GET"]}}],"collection":[{"href":"https:\/\/www.ksttukku.fi\/kauppa\/wp-json\/wp\/v2\/product"}],"about":[{"href":"https:\/\/www.ksttukku.fi\/kauppa\/wp-json\/wp\/v2\/types\/product"}],"replies":[{"embeddable":true,"href":"https:\/\/www.ksttukku.fi\/kauppa\/wp-json\/wp\/v2\/comments?post=450"}],"wp:featuredmedia":[{"embeddable":true,"href":"https:\/\/www.ksttukku.fi\/kauppa\/wp-json\/wp\/v2\/media\/451"}],"wp:attachment":[{"href":"https:\/\/www.ksttukku.fi\/kauppa\/wp-json\/wp\/v2\/media?parent=450"}],"wp:term":[{"taxonomy":"product_brand","embeddable":true,"href":"https:\/\/www.ksttukku.fi\/kauppa\/wp-json\/wp\/v2\/product_brand?post=450"},{"taxonomy":"product_cat","embeddable":true,"href":"https:\/\/www.ksttukku.fi\/kauppa\/wp-json\/wp\/v2\/product_cat?post=450"},{"taxonomy":"product_tag","embeddable":true,"href":"https:\/\/www.ksttukku.fi\/kauppa\/wp-json\/wp\/v2\/product_tag?post=450"}],"curies":[{"name":"wp","href":"https:\/\/api.w.org\/{rel}","templated":true}]}}