{"id":4501,"date":"2019-09-25T17:49:22","date_gmt":"2019-09-25T14:49:22","guid":{"rendered":"https:\/\/www.ksttukku.fi\/kauppa\/?post_type=product&#038;p=4501"},"modified":"2025-09-08T11:45:51","modified_gmt":"2025-09-08T08:45:51","slug":"led-valonheitin-30w-pir-musta","status":"publish","type":"product","link":"https:\/\/www.ksttukku.fi\/kauppa\/tuote\/led-valonheitin-30w-pir-musta\/","title":{"rendered":"Led-valonheitin 30W PIR musta"},"content":{"rendered":"<p>S\u00e4\u00e4timet PIR-tunnistimen ulkopuolella. Kirkas lasi. Kumikaapeli 0,5 m ja pistotulppa sis\u00e4ltyv\u00e4t valaisimeen.<\/p>\n<p>J\u00e4nnite 220-240 V ~ 50 Hz<\/p>\n<p>Valoteho 2400 lm<\/p>\n<p>Valaisukulma 120 astetta<\/p>\n<p>V\u00e4ril\u00e4mp\u00f6tila 4000 K<\/p>\n<p>V\u00e4rintoistoindeksi &gt; 80<\/p>\n<p>PF&gt;0.9<\/p>\n<p>Suojausluokka IP44<\/p>\n<p>K\u00e4ytt\u00f6ik\u00e4 25 000 tuntia<\/p>\n<p>Takuu 2 vuotta.<\/p>\n","protected":false},"excerpt":{"rendered":"<p>PIR-liiketunnistimella varustettu 30 W led-valonheitin valaistukseen sis\u00e4ll\u00e4 ja ulkona. Valoteho 2400 lm. Musta runko alumiinia. Paloajan-, tunnistusherkkyyden- ja valoherkkyyden s\u00e4\u00e4t\u00f6. My\u00f6s PIR-tunnistimen asento s\u00e4\u00e4dett\u00e4viss\u00e4.<\/p>\n","protected":false},"featured_media":4502,"comment_status":"closed","ping_status":"closed","template":"","meta":[],"product_brand":[],"product_cat":[305,39],"product_tag":[],"class_list":{"0":"post-4501","1":"product","2":"type-product","3":"status-publish","4":"has-post-thumbnail","6":"product_cat-classic-valonheittimet","7":"product_cat-valonheittimet","9":"first","10":"instock","11":"taxable","12":"shipping-taxable","13":"purchasable","14":"product-type-simple"},"_links":{"self":[{"href":"https:\/\/www.ksttukku.fi\/kauppa\/wp-json\/wp\/v2\/product\/4501","targetHints":{"allow":["GET"]}}],"collection":[{"href":"https:\/\/www.ksttukku.fi\/kauppa\/wp-json\/wp\/v2\/product"}],"about":[{"href":"https:\/\/www.ksttukku.fi\/kauppa\/wp-json\/wp\/v2\/types\/product"}],"replies":[{"embeddable":true,"href":"https:\/\/www.ksttukku.fi\/kauppa\/wp-json\/wp\/v2\/comments?post=4501"}],"wp:featuredmedia":[{"embeddable":true,"href":"https:\/\/www.ksttukku.fi\/kauppa\/wp-json\/wp\/v2\/media\/4502"}],"wp:attachment":[{"href":"https:\/\/www.ksttukku.fi\/kauppa\/wp-json\/wp\/v2\/media?parent=4501"}],"wp:term":[{"taxonomy":"product_brand","embeddable":true,"href":"https:\/\/www.ksttukku.fi\/kauppa\/wp-json\/wp\/v2\/product_brand?post=4501"},{"taxonomy":"product_cat","embeddable":true,"href":"https:\/\/www.ksttukku.fi\/kauppa\/wp-json\/wp\/v2\/product_cat?post=4501"},{"taxonomy":"product_tag","embeddable":true,"href":"https:\/\/www.ksttukku.fi\/kauppa\/wp-json\/wp\/v2\/product_tag?post=4501"}],"curies":[{"name":"wp","href":"https:\/\/api.w.org\/{rel}","templated":true}]}}