{"id":4518,"date":"2019-09-27T20:06:18","date_gmt":"2019-09-27T17:06:18","guid":{"rendered":"https:\/\/www.ksttukku.fi\/kauppa\/?post_type=product&#038;p=4518"},"modified":"2024-08-16T17:04:59","modified_gmt":"2024-08-16T14:04:59","slug":"ladattava-kasivalaisin-10w-800lm","status":"publish","type":"product","link":"https:\/\/www.ksttukku.fi\/kauppa\/tuote\/ladattava-kasivalaisin-10w-800lm\/","title":{"rendered":"Ladattava k\u00e4sivalaisin 10W 800lm"},"content":{"rendered":"<p>Akku: 1 kpl 18650 2200 mAh<br \/>\nToimintaj\u00e4nnite: 3.7 V<br \/>\nValoteho: 800 lm<br \/>\nToimintaet\u00e4isyys: 350 m<br \/>\nToiminnot: ON-OFF<br \/>\nLED: CREE XML2<br \/>\nKotelointiluokka: IP44<br \/>\nTuotteen mitat: 36&#215;148 mm<br \/>\nPaino: 130 g<\/p>\n","protected":false},"excerpt":{"rendered":"<p>Tehokas ladattava-taskulamppu s\u00e4\u00e4dett\u00e4v\u00e4ll\u00e4 linssill\u00e4. Valoteho 800 lm. Lampussa iskunkest\u00e4v\u00e4 alumiinirunko. USB-latausjohto sis\u00e4ltyy toimitukseen.<\/p>\n","protected":false},"featured_media":4519,"comment_status":"closed","ping_status":"closed","template":"","meta":[],"product_brand":[],"product_cat":[310,309,57],"product_tag":[],"class_list":{"0":"post-4518","1":"product","2":"type-product","3":"status-publish","4":"has-post-thumbnail","6":"product_cat-kasivalaisimet","7":"product_cat-paristovalaisimet","8":"product_cat-retkeily","10":"first","11":"outofstock","12":"taxable","13":"shipping-taxable","14":"purchasable","15":"product-type-simple"},"_links":{"self":[{"href":"https:\/\/www.ksttukku.fi\/kauppa\/wp-json\/wp\/v2\/product\/4518","targetHints":{"allow":["GET"]}}],"collection":[{"href":"https:\/\/www.ksttukku.fi\/kauppa\/wp-json\/wp\/v2\/product"}],"about":[{"href":"https:\/\/www.ksttukku.fi\/kauppa\/wp-json\/wp\/v2\/types\/product"}],"replies":[{"embeddable":true,"href":"https:\/\/www.ksttukku.fi\/kauppa\/wp-json\/wp\/v2\/comments?post=4518"}],"wp:featuredmedia":[{"embeddable":true,"href":"https:\/\/www.ksttukku.fi\/kauppa\/wp-json\/wp\/v2\/media\/4519"}],"wp:attachment":[{"href":"https:\/\/www.ksttukku.fi\/kauppa\/wp-json\/wp\/v2\/media?parent=4518"}],"wp:term":[{"taxonomy":"product_brand","embeddable":true,"href":"https:\/\/www.ksttukku.fi\/kauppa\/wp-json\/wp\/v2\/product_brand?post=4518"},{"taxonomy":"product_cat","embeddable":true,"href":"https:\/\/www.ksttukku.fi\/kauppa\/wp-json\/wp\/v2\/product_cat?post=4518"},{"taxonomy":"product_tag","embeddable":true,"href":"https:\/\/www.ksttukku.fi\/kauppa\/wp-json\/wp\/v2\/product_tag?post=4518"}],"curies":[{"name":"wp","href":"https:\/\/api.w.org\/{rel}","templated":true}]}}