{"id":452,"date":"2018-02-09T12:57:16","date_gmt":"2018-02-09T10:57:16","guid":{"rendered":"http:\/\/www.ksttukku.fi\/kauppa\/?post_type=product&#038;p=452"},"modified":"2019-08-29T16:11:32","modified_gmt":"2019-08-29T13:11:32","slug":"vino-ip65-valkoinen","status":"publish","type":"product","link":"https:\/\/www.ksttukku.fi\/kauppa\/tuote\/vino-ip65-valkoinen\/","title":{"rendered":"Vino sein\u00e4valaisin IP65 valkoinen"},"content":{"rendered":"<p>AC-ledill\u00e4 varustettu Vino soveltuu hyvin yleis- tai numerovalaisimeksi ulkotiloihin. K\u00e4ytt\u00f6ymp\u00e4rist\u00f6n suositusl\u00e4mp\u00f6tila -25 \u00b0C &#8211; +35 \u00b0C. Mukana mustat kirjain- ja numerotarrat (A-J \/ 0-9).<\/p>\n<p>Valaisimen mitat: 285 x 205 mm<\/p>\n<p>Teho: 9 W<\/p>\n<p>Valovirta: 420 lm<\/p>\n<p>V\u00e4ril\u00e4mp\u00f6tila: 3000 K<\/p>\n<p>V\u00e4ri: valkoinen<\/p>\n","protected":false},"excerpt":{"rendered":"<p>AC-ledill\u00e4 varustettu Vino soveltuu hyvin yleis- tai numerovalaisimeksi ulkotiloihin. K\u00e4ytt\u00f6ymp\u00e4rist\u00f6n suositusl\u00e4mp\u00f6tila -25 \u00b0C &#8211; +35 \u00b0C. Mukana mustat kirjain- ja numerotarrat (A-J \/ 0-9). Valaisimen mitat: 285 x 205 mm Teho: 9 W Valovirta: 420 lm V\u00e4ril\u00e4mp\u00f6tila: 3000 K V\u00e4ri: valkoinen<\/p>\n","protected":false},"featured_media":453,"comment_status":"closed","ping_status":"closed","template":"","meta":[],"product_brand":[],"product_cat":[37,36],"product_tag":[],"class_list":{"0":"post-452","1":"product","2":"type-product","3":"status-publish","4":"has-post-thumbnail","6":"product_cat-seinavalaisimet","7":"product_cat-ulkovalaisimet","9":"first","10":"instock","11":"taxable","12":"shipping-taxable","13":"purchasable","14":"product-type-simple"},"_links":{"self":[{"href":"https:\/\/www.ksttukku.fi\/kauppa\/wp-json\/wp\/v2\/product\/452","targetHints":{"allow":["GET"]}}],"collection":[{"href":"https:\/\/www.ksttukku.fi\/kauppa\/wp-json\/wp\/v2\/product"}],"about":[{"href":"https:\/\/www.ksttukku.fi\/kauppa\/wp-json\/wp\/v2\/types\/product"}],"replies":[{"embeddable":true,"href":"https:\/\/www.ksttukku.fi\/kauppa\/wp-json\/wp\/v2\/comments?post=452"}],"wp:featuredmedia":[{"embeddable":true,"href":"https:\/\/www.ksttukku.fi\/kauppa\/wp-json\/wp\/v2\/media\/453"}],"wp:attachment":[{"href":"https:\/\/www.ksttukku.fi\/kauppa\/wp-json\/wp\/v2\/media?parent=452"}],"wp:term":[{"taxonomy":"product_brand","embeddable":true,"href":"https:\/\/www.ksttukku.fi\/kauppa\/wp-json\/wp\/v2\/product_brand?post=452"},{"taxonomy":"product_cat","embeddable":true,"href":"https:\/\/www.ksttukku.fi\/kauppa\/wp-json\/wp\/v2\/product_cat?post=452"},{"taxonomy":"product_tag","embeddable":true,"href":"https:\/\/www.ksttukku.fi\/kauppa\/wp-json\/wp\/v2\/product_tag?post=452"}],"curies":[{"name":"wp","href":"https:\/\/api.w.org\/{rel}","templated":true}]}}