{"id":4520,"date":"2019-09-27T20:57:27","date_gmt":"2019-09-27T17:57:27","guid":{"rendered":"https:\/\/www.ksttukku.fi\/kauppa\/?post_type=product&#038;p=4520"},"modified":"2024-08-16T17:11:53","modified_gmt":"2024-08-16T14:11:53","slug":"led-otsavalaisin-3w-240lm","status":"publish","type":"product","link":"https:\/\/www.ksttukku.fi\/kauppa\/tuote\/led-otsavalaisin-3w-240lm\/","title":{"rendered":"Led otsavalaisin 3W 240lm"},"content":{"rendered":"<p>Otsavalaisin toimii kolmella AAA-paristolla (eiv\u00e4t sis\u00e4lly pakkaukseen).<\/p>\n","protected":false},"excerpt":{"rendered":"<p>S\u00e4\u00e4dett\u00e4vill\u00e4 nauhoilla varustettu otsalamppu. Teho 3 W. Valon m\u00e4\u00e4r\u00e4 240 lm. Valaisukulma s\u00e4\u00e4dett\u00e4viss\u00e4 valaisinosaa muovirungosta yl\u00f6s\/alas k\u00e4\u00e4nt\u00e4m\u00e4ll\u00e4.<\/p>\n","protected":false},"featured_media":4521,"comment_status":"closed","ping_status":"closed","template":"","meta":[],"product_brand":[],"product_cat":[311,309,57],"product_tag":[],"class_list":{"0":"post-4520","1":"product","2":"type-product","3":"status-publish","4":"has-post-thumbnail","6":"product_cat-otsavalot","7":"product_cat-paristovalaisimet","8":"product_cat-retkeily","10":"first","11":"outofstock","12":"taxable","13":"shipping-taxable","14":"purchasable","15":"product-type-simple"},"_links":{"self":[{"href":"https:\/\/www.ksttukku.fi\/kauppa\/wp-json\/wp\/v2\/product\/4520","targetHints":{"allow":["GET"]}}],"collection":[{"href":"https:\/\/www.ksttukku.fi\/kauppa\/wp-json\/wp\/v2\/product"}],"about":[{"href":"https:\/\/www.ksttukku.fi\/kauppa\/wp-json\/wp\/v2\/types\/product"}],"replies":[{"embeddable":true,"href":"https:\/\/www.ksttukku.fi\/kauppa\/wp-json\/wp\/v2\/comments?post=4520"}],"wp:featuredmedia":[{"embeddable":true,"href":"https:\/\/www.ksttukku.fi\/kauppa\/wp-json\/wp\/v2\/media\/4521"}],"wp:attachment":[{"href":"https:\/\/www.ksttukku.fi\/kauppa\/wp-json\/wp\/v2\/media?parent=4520"}],"wp:term":[{"taxonomy":"product_brand","embeddable":true,"href":"https:\/\/www.ksttukku.fi\/kauppa\/wp-json\/wp\/v2\/product_brand?post=4520"},{"taxonomy":"product_cat","embeddable":true,"href":"https:\/\/www.ksttukku.fi\/kauppa\/wp-json\/wp\/v2\/product_cat?post=4520"},{"taxonomy":"product_tag","embeddable":true,"href":"https:\/\/www.ksttukku.fi\/kauppa\/wp-json\/wp\/v2\/product_tag?post=4520"}],"curies":[{"name":"wp","href":"https:\/\/api.w.org\/{rel}","templated":true}]}}