{"id":4575,"date":"2019-10-15T17:34:20","date_gmt":"2019-10-15T14:34:20","guid":{"rendered":"https:\/\/www.ksttukku.fi\/kauppa\/?post_type=product&#038;p=4575"},"modified":"2024-05-06T11:51:02","modified_gmt":"2024-05-06T08:51:02","slug":"einhell-mutterinvaannin-610nm","status":"publish","type":"product","link":"https:\/\/www.ksttukku.fi\/kauppa\/tuote\/einhell-mutterinvaannin-610nm\/","title":{"rendered":"Einhell mutterinv\u00e4\u00e4nnin 610Nm"},"content":{"rendered":"<p>V\u00e4\u00e4nt\u00f6: 610 Nm<br \/>\nKaksoisvasara -isku<br \/>\nK\u00e4ytt\u00f6paine: 6,3 bar<br \/>\nKierrokset: 7000 \/ min<br \/>\nIlmantarve 142 l \/ min<br \/>\n4- portainen nopeudens\u00e4\u00e4t\u00f6 (kolme kiristykseen ja yksi avaukseen)<br \/>\nToimitus k\u00e4tev\u00e4ss\u00e4 salkussa<br \/>\nPakkaus sis\u00e4lt\u00e4\u00e4:<br \/>\n&#8211; Hylsyt 8\/10\/11\/13\/17\/19\/21\/22 mm<br \/>\n&#8211; Jatkovarsi<br \/>\n&#8211; K\u00e4tev\u00e4 salkku s\u00e4ilytykseen<br \/>\n&#8211; Paineilma\u00f6ljy<br \/>\nSuositeltu letkun sis\u00e4halkaisija min. 9 mm<\/p>\n","protected":false},"excerpt":{"rendered":"<p>Einhell TC-PW 610 paineilmak\u00e4ytt\u00f6isell\u00e4 mutterinv\u00e4\u00e4ntimell\u00e4 hoidat k\u00e4tev\u00e4sti isonkin auton renkaanvaihdon ja muut raskaammat pulttien avausty\u00f6t.<\/p>\n","protected":false},"featured_media":4576,"comment_status":"closed","ping_status":"closed","template":"","meta":[],"product_brand":[],"product_cat":[225,207],"product_tag":[],"class_list":{"0":"post-4575","1":"product","2":"type-product","3":"status-publish","4":"has-post-thumbnail","6":"product_cat-kompressorit","7":"product_cat-koneet-tyokalut","9":"first","10":"outofstock","11":"taxable","12":"shipping-taxable","13":"purchasable","14":"product-type-simple"},"_links":{"self":[{"href":"https:\/\/www.ksttukku.fi\/kauppa\/wp-json\/wp\/v2\/product\/4575","targetHints":{"allow":["GET"]}}],"collection":[{"href":"https:\/\/www.ksttukku.fi\/kauppa\/wp-json\/wp\/v2\/product"}],"about":[{"href":"https:\/\/www.ksttukku.fi\/kauppa\/wp-json\/wp\/v2\/types\/product"}],"replies":[{"embeddable":true,"href":"https:\/\/www.ksttukku.fi\/kauppa\/wp-json\/wp\/v2\/comments?post=4575"}],"wp:featuredmedia":[{"embeddable":true,"href":"https:\/\/www.ksttukku.fi\/kauppa\/wp-json\/wp\/v2\/media\/4576"}],"wp:attachment":[{"href":"https:\/\/www.ksttukku.fi\/kauppa\/wp-json\/wp\/v2\/media?parent=4575"}],"wp:term":[{"taxonomy":"product_brand","embeddable":true,"href":"https:\/\/www.ksttukku.fi\/kauppa\/wp-json\/wp\/v2\/product_brand?post=4575"},{"taxonomy":"product_cat","embeddable":true,"href":"https:\/\/www.ksttukku.fi\/kauppa\/wp-json\/wp\/v2\/product_cat?post=4575"},{"taxonomy":"product_tag","embeddable":true,"href":"https:\/\/www.ksttukku.fi\/kauppa\/wp-json\/wp\/v2\/product_tag?post=4575"}],"curies":[{"name":"wp","href":"https:\/\/api.w.org\/{rel}","templated":true}]}}