{"id":4605,"date":"2019-10-19T15:12:31","date_gmt":"2019-10-19T12:12:31","guid":{"rendered":"https:\/\/www.ksttukku.fi\/kauppa\/?post_type=product&#038;p=4605"},"modified":"2024-11-20T12:51:18","modified_gmt":"2024-11-20T10:51:18","slug":"oljytaytteinen-lammitin-400w-lcd","status":"publish","type":"product","link":"https:\/\/www.ksttukku.fi\/kauppa\/tuote\/oljytaytteinen-lammitin-400w-lcd\/","title":{"rendered":"\u00d6ljyt\u00e4ytteinen l\u00e4mmitin 400W LCD"},"content":{"rendered":"<p>Teho 400 W. Varustus: digitaalinen termostaattiohjaus, viikkoajastin, avoimen ikkunan tunnistin ja ylikuumenemissuoja. Pistotulppa. IP22. CE. RoHs. Paino 4,9 kg. Tuotteen mitat: 490 x 70 x 570 mm, jalat 250 mm. Takuu 2 vuotta.<\/p>\n","protected":false},"excerpt":{"rendered":"<p>Digitaalisella termostaatilla ja viikkoajastimella varustettu \u00f6ljyt\u00e4ytteinen l\u00e4mmitin. Sein\u00e4lle asennettavaksi tai lattiamalliksi.<\/p>\n","protected":false},"featured_media":4606,"comment_status":"closed","ping_status":"closed","template":"","meta":[],"product_brand":[],"product_cat":[201],"product_tag":[],"class_list":{"0":"post-4605","1":"product","2":"type-product","3":"status-publish","4":"has-post-thumbnail","6":"product_cat-lammittimet","8":"first","9":"outofstock","10":"taxable","11":"shipping-taxable","12":"purchasable","13":"product-type-simple"},"_links":{"self":[{"href":"https:\/\/www.ksttukku.fi\/kauppa\/wp-json\/wp\/v2\/product\/4605","targetHints":{"allow":["GET"]}}],"collection":[{"href":"https:\/\/www.ksttukku.fi\/kauppa\/wp-json\/wp\/v2\/product"}],"about":[{"href":"https:\/\/www.ksttukku.fi\/kauppa\/wp-json\/wp\/v2\/types\/product"}],"replies":[{"embeddable":true,"href":"https:\/\/www.ksttukku.fi\/kauppa\/wp-json\/wp\/v2\/comments?post=4605"}],"wp:featuredmedia":[{"embeddable":true,"href":"https:\/\/www.ksttukku.fi\/kauppa\/wp-json\/wp\/v2\/media\/4606"}],"wp:attachment":[{"href":"https:\/\/www.ksttukku.fi\/kauppa\/wp-json\/wp\/v2\/media?parent=4605"}],"wp:term":[{"taxonomy":"product_brand","embeddable":true,"href":"https:\/\/www.ksttukku.fi\/kauppa\/wp-json\/wp\/v2\/product_brand?post=4605"},{"taxonomy":"product_cat","embeddable":true,"href":"https:\/\/www.ksttukku.fi\/kauppa\/wp-json\/wp\/v2\/product_cat?post=4605"},{"taxonomy":"product_tag","embeddable":true,"href":"https:\/\/www.ksttukku.fi\/kauppa\/wp-json\/wp\/v2\/product_tag?post=4605"}],"curies":[{"name":"wp","href":"https:\/\/api.w.org\/{rel}","templated":true}]}}