{"id":4623,"date":"2019-10-22T17:30:15","date_gmt":"2019-10-22T14:30:15","guid":{"rendered":"https:\/\/www.ksttukku.fi\/kauppa\/?post_type=product&#038;p=4623"},"modified":"2024-10-22T12:49:28","modified_gmt":"2024-10-22T09:49:28","slug":"magnum-500-kasivalaisin","status":"publish","type":"product","link":"https:\/\/www.ksttukku.fi\/kauppa\/tuote\/magnum-500-kasivalaisin\/","title":{"rendered":"Magnum 500 k\u00e4sivalaisin"},"content":{"rendered":"<p>Parannettu linssioptiikka, puhdas valokuvio ja s\u00e4\u00e4dettv\u00e4\u00e4 valokeila. Runko alumiiniseosta. IP65 (vesitiivis, ei sukellukseen). Paristot myyd\u00e4\u00e4n erikseen (3 x AAA)<\/p>\n<ul class=\"data-list itemcard-data-list\">\n<li class=\"data-list__item\"><span class=\"data-list__item__label\">Valonl\u00e4hde<\/span> <span class=\"data-list__item__value\">5 W Cree LED, ei vaihdettava.<\/span><\/li>\n<li class=\"data-list__item\"><span class=\"data-list__item__label\">Led<\/span> <span class=\"data-list__item__value\">Valo 100%, 50%, vilkku, off.<\/span><\/li>\n<li class=\"data-list__item\"><span class=\"data-list__item__label\">Rakenne<\/span> <span class=\"data-list__item__value\">Runko alumiiniseosta<\/span><\/li>\n<\/ul>\n","protected":false},"excerpt":{"rendered":"<p>Parannettu linssioptiikka, puhdas valokuvio ja s\u00e4\u00e4dettv\u00e4\u00e4 valokeila. Runko alumiiniseosta. IP65 (vesitiivis, ei sukellukseen). Paristot myyd\u00e4\u00e4n erikseen (3 x AAA) Valonl\u00e4hde 5 W Cree LED, ei vaihdettava. Led Valo 100%, 50%, vilkku, off. Rakenne Runko alumiiniseosta<\/p>\n","protected":false},"featured_media":4624,"comment_status":"closed","ping_status":"closed","template":"","meta":[],"product_brand":[],"product_cat":[310,309,539,57],"product_tag":[],"class_list":{"0":"post-4623","1":"product","2":"type-product","3":"status-publish","4":"has-post-thumbnail","6":"product_cat-kasivalaisimet","7":"product_cat-paristovalaisimet","8":"product_cat-poistotori","9":"product_cat-retkeily","11":"first","12":"instock","13":"sale","14":"taxable","15":"shipping-taxable","16":"purchasable","17":"product-type-simple"},"_links":{"self":[{"href":"https:\/\/www.ksttukku.fi\/kauppa\/wp-json\/wp\/v2\/product\/4623","targetHints":{"allow":["GET"]}}],"collection":[{"href":"https:\/\/www.ksttukku.fi\/kauppa\/wp-json\/wp\/v2\/product"}],"about":[{"href":"https:\/\/www.ksttukku.fi\/kauppa\/wp-json\/wp\/v2\/types\/product"}],"replies":[{"embeddable":true,"href":"https:\/\/www.ksttukku.fi\/kauppa\/wp-json\/wp\/v2\/comments?post=4623"}],"wp:featuredmedia":[{"embeddable":true,"href":"https:\/\/www.ksttukku.fi\/kauppa\/wp-json\/wp\/v2\/media\/4624"}],"wp:attachment":[{"href":"https:\/\/www.ksttukku.fi\/kauppa\/wp-json\/wp\/v2\/media?parent=4623"}],"wp:term":[{"taxonomy":"product_brand","embeddable":true,"href":"https:\/\/www.ksttukku.fi\/kauppa\/wp-json\/wp\/v2\/product_brand?post=4623"},{"taxonomy":"product_cat","embeddable":true,"href":"https:\/\/www.ksttukku.fi\/kauppa\/wp-json\/wp\/v2\/product_cat?post=4623"},{"taxonomy":"product_tag","embeddable":true,"href":"https:\/\/www.ksttukku.fi\/kauppa\/wp-json\/wp\/v2\/product_tag?post=4623"}],"curies":[{"name":"wp","href":"https:\/\/api.w.org\/{rel}","templated":true}]}}