{"id":4644,"date":"2019-10-23T17:34:00","date_gmt":"2019-10-23T14:34:00","guid":{"rendered":"https:\/\/www.ksttukku.fi\/kauppa\/?post_type=product&#038;p=4644"},"modified":"2024-08-17T12:05:08","modified_gmt":"2024-08-17T09:05:08","slug":"ladattava-otsavalo-5w-180lm","status":"publish","type":"product","link":"https:\/\/www.ksttukku.fi\/kauppa\/tuote\/ladattava-otsavalo-5w-180lm\/","title":{"rendered":"Ladattava otsavalo 5W 180lm"},"content":{"rendered":"<p>USB-ladattava otsavalo.<br \/>\nLatausaika 4 tuntia, akun kesto t\u00e4ydell\u00e4 teholla 2 tuntia, puoliteholla 4 tuntia.<\/p>\n<p>&nbsp;<\/p>\n<ul>\n<li class=\"data-list__item\"><span class=\"data-list__item__label\">Valonl\u00e4hde<\/span> <span class=\"data-list__item__value\">5 W LED, ei vaihdettava.<\/span><\/li>\n<li class=\"data-list__item\"><span class=\"data-list__item__label\">Led<\/span> <span class=\"data-list__item__value\">Valo 100%, 50%, off.<\/span><\/li>\n<li class=\"data-list__item\"><span class=\"data-list__item__label\">Valaisuaika<\/span> <span class=\"data-list__item__value\">2 h valoteholla 100% tai 4 h valoteholla 50%.<\/span><\/li>\n<li class=\"data-list__item\"><span class=\"data-list__item__label\">Rakenne<\/span> <span class=\"data-list__item__value\">Runko muovia<\/span><\/li>\n<\/ul>\n<p>&nbsp;<\/p>\n","protected":false},"excerpt":{"rendered":"<p>USB-ladattava otsavalo. Latausaika 4 tuntia, akun kesto t\u00e4ydell\u00e4 teholla 2 tuntia, puoliteholla 4 tuntia. &nbsp; Valonl\u00e4hde 5 W LED, ei vaihdettava. Led Valo 100%, 50%, off. Valaisuaika 2 h valoteholla 100% tai 4 h valoteholla 50%. Rakenne Runko muovia &nbsp;<\/p>\n","protected":false},"featured_media":4645,"comment_status":"closed","ping_status":"closed","template":"","meta":[],"product_brand":[],"product_cat":[311,309,57],"product_tag":[],"class_list":{"0":"post-4644","1":"product","2":"type-product","3":"status-publish","4":"has-post-thumbnail","6":"product_cat-otsavalot","7":"product_cat-paristovalaisimet","8":"product_cat-retkeily","10":"first","11":"instock","12":"taxable","13":"shipping-taxable","14":"purchasable","15":"product-type-simple"},"_links":{"self":[{"href":"https:\/\/www.ksttukku.fi\/kauppa\/wp-json\/wp\/v2\/product\/4644","targetHints":{"allow":["GET"]}}],"collection":[{"href":"https:\/\/www.ksttukku.fi\/kauppa\/wp-json\/wp\/v2\/product"}],"about":[{"href":"https:\/\/www.ksttukku.fi\/kauppa\/wp-json\/wp\/v2\/types\/product"}],"replies":[{"embeddable":true,"href":"https:\/\/www.ksttukku.fi\/kauppa\/wp-json\/wp\/v2\/comments?post=4644"}],"wp:featuredmedia":[{"embeddable":true,"href":"https:\/\/www.ksttukku.fi\/kauppa\/wp-json\/wp\/v2\/media\/4645"}],"wp:attachment":[{"href":"https:\/\/www.ksttukku.fi\/kauppa\/wp-json\/wp\/v2\/media?parent=4644"}],"wp:term":[{"taxonomy":"product_brand","embeddable":true,"href":"https:\/\/www.ksttukku.fi\/kauppa\/wp-json\/wp\/v2\/product_brand?post=4644"},{"taxonomy":"product_cat","embeddable":true,"href":"https:\/\/www.ksttukku.fi\/kauppa\/wp-json\/wp\/v2\/product_cat?post=4644"},{"taxonomy":"product_tag","embeddable":true,"href":"https:\/\/www.ksttukku.fi\/kauppa\/wp-json\/wp\/v2\/product_tag?post=4644"}],"curies":[{"name":"wp","href":"https:\/\/api.w.org\/{rel}","templated":true}]}}