{"id":4652,"date":"2019-10-24T17:35:50","date_gmt":"2019-10-24T14:35:50","guid":{"rendered":"https:\/\/www.ksttukku.fi\/kauppa\/?post_type=product&#038;p=4652"},"modified":"2026-04-27T11:44:21","modified_gmt":"2026-04-27T08:44:21","slug":"virtauslammitin-650w-ipx4","status":"publish","type":"product","link":"https:\/\/www.ksttukku.fi\/kauppa\/tuote\/virtauslammitin-650w-ipx4\/","title":{"rendered":"Virtausl\u00e4mmitin 650W IPX4"},"content":{"rendered":"<p>Teho 650 W. Varustus: digitaalinen termostaattiohjaus ja viikkoajastin, merkkivalo, ylikuumenemissuoja ja pakkasvahtitoiminto. IPX4. GS, CE. RoHs. Paino 3,0 kg. Tuotteen mitat ilman jalkoja: 450 x 405 x 100 mm, jalat 230 mm. Takuu 2 vuotta.<\/p>\n","protected":false},"excerpt":{"rendered":"<p>Tehokas digitaalisella termostaatilla ja viikkoajastimella varustettu l\u00e4pivirtausl\u00e4mmitin esimerkiksi varastoihin, tuulikaappeihin tai kylpyhuoneisiin sein\u00e4lle asennettavaksi tai lattiamalliksi.<\/p>\n","protected":false},"featured_media":4653,"comment_status":"closed","ping_status":"closed","template":"","meta":[],"product_brand":[],"product_cat":[201],"product_tag":[],"class_list":{"0":"post-4652","1":"product","2":"type-product","3":"status-publish","4":"has-post-thumbnail","6":"product_cat-lammittimet","8":"first","9":"instock","10":"taxable","11":"shipping-taxable","12":"purchasable","13":"product-type-simple"},"_links":{"self":[{"href":"https:\/\/www.ksttukku.fi\/kauppa\/wp-json\/wp\/v2\/product\/4652","targetHints":{"allow":["GET"]}}],"collection":[{"href":"https:\/\/www.ksttukku.fi\/kauppa\/wp-json\/wp\/v2\/product"}],"about":[{"href":"https:\/\/www.ksttukku.fi\/kauppa\/wp-json\/wp\/v2\/types\/product"}],"replies":[{"embeddable":true,"href":"https:\/\/www.ksttukku.fi\/kauppa\/wp-json\/wp\/v2\/comments?post=4652"}],"wp:featuredmedia":[{"embeddable":true,"href":"https:\/\/www.ksttukku.fi\/kauppa\/wp-json\/wp\/v2\/media\/4653"}],"wp:attachment":[{"href":"https:\/\/www.ksttukku.fi\/kauppa\/wp-json\/wp\/v2\/media?parent=4652"}],"wp:term":[{"taxonomy":"product_brand","embeddable":true,"href":"https:\/\/www.ksttukku.fi\/kauppa\/wp-json\/wp\/v2\/product_brand?post=4652"},{"taxonomy":"product_cat","embeddable":true,"href":"https:\/\/www.ksttukku.fi\/kauppa\/wp-json\/wp\/v2\/product_cat?post=4652"},{"taxonomy":"product_tag","embeddable":true,"href":"https:\/\/www.ksttukku.fi\/kauppa\/wp-json\/wp\/v2\/product_tag?post=4652"}],"curies":[{"name":"wp","href":"https:\/\/api.w.org\/{rel}","templated":true}]}}