{"id":466,"date":"2018-02-09T17:15:00","date_gmt":"2018-02-09T15:15:00","guid":{"rendered":"http:\/\/www.ksttukku.fi\/kauppa\/?post_type=product&#038;p=466"},"modified":"2020-05-04T12:32:08","modified_gmt":"2020-05-04T09:32:08","slug":"kallio-pollari-ip44-antrasiitti","status":"publish","type":"product","link":"https:\/\/www.ksttukku.fi\/kauppa\/tuote\/kallio-pollari-ip44-antrasiitti\/","title":{"rendered":"Kallio pollari IP44 antrasiitti"},"content":{"rendered":"<p>Funktionaaliseen valaisinsarjaan kuuluvat pollari ja viisto sein\u00e4valaisin. Valaisimet on valmistettu ruostumattomasta ter\u00e4ksest\u00e4 ja niiss\u00e4 on kirkas lasikupu. Roiskevesisuojatun rungon viimeistely on polttopulverimaalattu, mattapintainen antrasiitti.<\/p>\n<p>Valaisimen mitat: 900 x 104 mm<\/p>\n<p>Valonl\u00e4hde: E27 (ei sis\u00e4lly pakkaukseen)<\/p>\n<p>V\u00e4ri: antrasiitti<\/p>\n","protected":false},"excerpt":{"rendered":"<p>Funktionaaliseen valaisinsarjaan kuuluvat pollari ja viisto sein\u00e4valaisin. Valaisimet on valmistettu ruostumattomasta ter\u00e4ksest\u00e4 ja niiss\u00e4 on kirkas lasikupu. Roiskevesisuojatun rungon viimeistely on polttopulverimaalattu, mattapintainen antrasiitti. Valaisimen mitat: 900 x 104 mm Valonl\u00e4hde: E27 (ei sis\u00e4lly pakkaukseen) V\u00e4ri: antrasiitti<\/p>\n","protected":false},"featured_media":467,"comment_status":"closed","ping_status":"closed","template":"","meta":[],"product_brand":[],"product_cat":[38,36],"product_tag":[],"class_list":{"0":"post-466","1":"product","2":"type-product","3":"status-publish","4":"has-post-thumbnail","6":"product_cat-pylvasvalaisimet","7":"product_cat-ulkovalaisimet","9":"first","10":"instock","11":"taxable","12":"shipping-taxable","13":"purchasable","14":"product-type-simple"},"_links":{"self":[{"href":"https:\/\/www.ksttukku.fi\/kauppa\/wp-json\/wp\/v2\/product\/466","targetHints":{"allow":["GET"]}}],"collection":[{"href":"https:\/\/www.ksttukku.fi\/kauppa\/wp-json\/wp\/v2\/product"}],"about":[{"href":"https:\/\/www.ksttukku.fi\/kauppa\/wp-json\/wp\/v2\/types\/product"}],"replies":[{"embeddable":true,"href":"https:\/\/www.ksttukku.fi\/kauppa\/wp-json\/wp\/v2\/comments?post=466"}],"wp:featuredmedia":[{"embeddable":true,"href":"https:\/\/www.ksttukku.fi\/kauppa\/wp-json\/wp\/v2\/media\/467"}],"wp:attachment":[{"href":"https:\/\/www.ksttukku.fi\/kauppa\/wp-json\/wp\/v2\/media?parent=466"}],"wp:term":[{"taxonomy":"product_brand","embeddable":true,"href":"https:\/\/www.ksttukku.fi\/kauppa\/wp-json\/wp\/v2\/product_brand?post=466"},{"taxonomy":"product_cat","embeddable":true,"href":"https:\/\/www.ksttukku.fi\/kauppa\/wp-json\/wp\/v2\/product_cat?post=466"},{"taxonomy":"product_tag","embeddable":true,"href":"https:\/\/www.ksttukku.fi\/kauppa\/wp-json\/wp\/v2\/product_tag?post=466"}],"curies":[{"name":"wp","href":"https:\/\/api.w.org\/{rel}","templated":true}]}}