{"id":4668,"date":"2019-10-29T17:52:15","date_gmt":"2019-10-29T15:52:15","guid":{"rendered":"https:\/\/www.ksttukku.fi\/kauppa\/?post_type=product&#038;p=4668"},"modified":"2022-11-08T17:53:55","modified_gmt":"2022-11-08T15:53:55","slug":"oljytaytteinen-lammitin-600w","status":"publish","type":"product","link":"https:\/\/www.ksttukku.fi\/kauppa\/tuote\/oljytaytteinen-lammitin-600w\/","title":{"rendered":"\u00d6ljyt\u00e4ytteinen l\u00e4mmitin 600W"},"content":{"rendered":"<p>Varustus:<br \/>\nTermostaatti<br \/>\nYlikuumenemissuoja<br \/>\nJalat pakkauksessa<br \/>\nIP20<br \/>\nL\u00e4mmittimen mitat ilman jalkoja 1140 x 70 x 300 mm (LxSxK)<\/p>\n","protected":false},"excerpt":{"rendered":"<p>V\u00e4h\u00e4n tilaa viev\u00e4 litte\u00e4 \u00f6ljyt\u00e4ytteinen pistotulpallinen lis\u00e4l\u00e4mmitin, joka sopii lis\u00e4l\u00e4mmittimeksi v\u00e4liaikaiseen l\u00e4mmitykseen.<\/p>\n","protected":false},"featured_media":4669,"comment_status":"closed","ping_status":"closed","template":"","meta":[],"product_brand":[],"product_cat":[201],"product_tag":[],"class_list":{"0":"post-4668","1":"product","2":"type-product","3":"status-publish","4":"has-post-thumbnail","6":"product_cat-lammittimet","8":"first","9":"instock","10":"taxable","11":"shipping-taxable","12":"purchasable","13":"product-type-simple"},"_links":{"self":[{"href":"https:\/\/www.ksttukku.fi\/kauppa\/wp-json\/wp\/v2\/product\/4668","targetHints":{"allow":["GET"]}}],"collection":[{"href":"https:\/\/www.ksttukku.fi\/kauppa\/wp-json\/wp\/v2\/product"}],"about":[{"href":"https:\/\/www.ksttukku.fi\/kauppa\/wp-json\/wp\/v2\/types\/product"}],"replies":[{"embeddable":true,"href":"https:\/\/www.ksttukku.fi\/kauppa\/wp-json\/wp\/v2\/comments?post=4668"}],"wp:featuredmedia":[{"embeddable":true,"href":"https:\/\/www.ksttukku.fi\/kauppa\/wp-json\/wp\/v2\/media\/4669"}],"wp:attachment":[{"href":"https:\/\/www.ksttukku.fi\/kauppa\/wp-json\/wp\/v2\/media?parent=4668"}],"wp:term":[{"taxonomy":"product_brand","embeddable":true,"href":"https:\/\/www.ksttukku.fi\/kauppa\/wp-json\/wp\/v2\/product_brand?post=4668"},{"taxonomy":"product_cat","embeddable":true,"href":"https:\/\/www.ksttukku.fi\/kauppa\/wp-json\/wp\/v2\/product_cat?post=4668"},{"taxonomy":"product_tag","embeddable":true,"href":"https:\/\/www.ksttukku.fi\/kauppa\/wp-json\/wp\/v2\/product_tag?post=4668"}],"curies":[{"name":"wp","href":"https:\/\/api.w.org\/{rel}","templated":true}]}}