{"id":4736,"date":"2019-11-21T18:20:38","date_gmt":"2019-11-21T16:20:38","guid":{"rendered":"https:\/\/www.ksttukku.fi\/kauppa\/?post_type=product&#038;p=4736"},"modified":"2019-11-21T18:20:39","modified_gmt":"2019-11-21T16:20:39","slug":"eglo-ledlamppu-connect-e14-5w-400lm-2700-6500krgb","status":"publish","type":"product","link":"https:\/\/www.ksttukku.fi\/kauppa\/tuote\/eglo-ledlamppu-connect-e14-5w-400lm-2700-6500krgb\/","title":{"rendered":"Eglo ledlamppu connect E14 5W 400lm 2700-6500K+RGB"},"content":{"rendered":"<p>Teho: 5 W<\/p>\n<p>Valovirta: 400 lm<\/p>\n<p>Mitat: 50 x 90 (mm)<\/p>\n<p>Valonjakokulma: 180\u00b0<\/p>\n<p>V\u00e4ril\u00e4mp\u00f6tila: 2700 &#8211; 6500 K +RGB<\/p>\n<p>K\u00e4ytt\u00f6aika: 25000 h<\/p>\n","protected":false},"excerpt":{"rendered":"<p>\u00c4lypuhelimella ohjattava ledlamppu<\/p>\n","protected":false},"featured_media":4737,"comment_status":"closed","ping_status":"closed","template":"","meta":[],"product_brand":[],"product_cat":[34,317],"product_tag":[],"class_list":{"0":"post-4736","1":"product","2":"type-product","3":"status-publish","4":"has-post-thumbnail","6":"product_cat-valaisimet","7":"product_cat-alyvalaisimet-ja-lamput","9":"first","10":"instock","11":"taxable","12":"shipping-taxable","13":"purchasable","14":"product-type-simple"},"_links":{"self":[{"href":"https:\/\/www.ksttukku.fi\/kauppa\/wp-json\/wp\/v2\/product\/4736","targetHints":{"allow":["GET"]}}],"collection":[{"href":"https:\/\/www.ksttukku.fi\/kauppa\/wp-json\/wp\/v2\/product"}],"about":[{"href":"https:\/\/www.ksttukku.fi\/kauppa\/wp-json\/wp\/v2\/types\/product"}],"replies":[{"embeddable":true,"href":"https:\/\/www.ksttukku.fi\/kauppa\/wp-json\/wp\/v2\/comments?post=4736"}],"wp:featuredmedia":[{"embeddable":true,"href":"https:\/\/www.ksttukku.fi\/kauppa\/wp-json\/wp\/v2\/media\/4737"}],"wp:attachment":[{"href":"https:\/\/www.ksttukku.fi\/kauppa\/wp-json\/wp\/v2\/media?parent=4736"}],"wp:term":[{"taxonomy":"product_brand","embeddable":true,"href":"https:\/\/www.ksttukku.fi\/kauppa\/wp-json\/wp\/v2\/product_brand?post=4736"},{"taxonomy":"product_cat","embeddable":true,"href":"https:\/\/www.ksttukku.fi\/kauppa\/wp-json\/wp\/v2\/product_cat?post=4736"},{"taxonomy":"product_tag","embeddable":true,"href":"https:\/\/www.ksttukku.fi\/kauppa\/wp-json\/wp\/v2\/product_tag?post=4736"}],"curies":[{"name":"wp","href":"https:\/\/api.w.org\/{rel}","templated":true}]}}