{"id":4743,"date":"2019-11-22T15:20:28","date_gmt":"2019-11-22T13:20:28","guid":{"rendered":"https:\/\/www.ksttukku.fi\/kauppa\/?post_type=product&#038;p=4743"},"modified":"2019-11-22T15:20:29","modified_gmt":"2019-11-22T13:20:29","slug":"eglo-connect-salobrena-c-led-paneeli-21w-2500lm-2700-6500krgb","status":"publish","type":"product","link":"https:\/\/www.ksttukku.fi\/kauppa\/tuote\/eglo-connect-salobrena-c-led-paneeli-21w-2500lm-2700-6500krgb\/","title":{"rendered":"Eglo connect salobrena-c led-paneeli 21W 2500lm 2700-6500K+RGB"},"content":{"rendered":"<p>Valaisinta voi himment\u00e4\u00e4 portaattomasti integroidulla valons\u00e4\u00e4timell\u00e4 tai \u00e4lypuhelimella<\/p>\n<p>Valon v\u00e4ri\u00e4 ja v\u00e4ril\u00e4mp\u00f6tilaa kelvinasteina voi s\u00e4\u00e4t\u00e4\u00e4 portaattomasti.<\/p>\n<p>Teho: 21 W<\/p>\n<p>Valovirta: 2500 lm<\/p>\n<p>Valaisimen koko: 450 x 450 mm, korkeus 50 mm<\/p>\n<p>V\u00e4ril\u00e4mp\u00f6: 2700 &#8211; 6500 K +RGB<\/p>\n","protected":false},"excerpt":{"rendered":"<p>Valaisinta voi ohjata mukana tulevalla kaukos\u00e4\u00e4timell\u00e4 tai \u00e4lypuhelimella<\/p>\n","protected":false},"featured_media":4744,"comment_status":"closed","ping_status":"closed","template":"","meta":[],"product_brand":[],"product_cat":[34,317],"product_tag":[],"class_list":{"0":"post-4743","1":"product","2":"type-product","3":"status-publish","4":"has-post-thumbnail","6":"product_cat-valaisimet","7":"product_cat-alyvalaisimet-ja-lamput","9":"first","10":"instock","11":"taxable","12":"shipping-taxable","13":"purchasable","14":"product-type-simple"},"_links":{"self":[{"href":"https:\/\/www.ksttukku.fi\/kauppa\/wp-json\/wp\/v2\/product\/4743","targetHints":{"allow":["GET"]}}],"collection":[{"href":"https:\/\/www.ksttukku.fi\/kauppa\/wp-json\/wp\/v2\/product"}],"about":[{"href":"https:\/\/www.ksttukku.fi\/kauppa\/wp-json\/wp\/v2\/types\/product"}],"replies":[{"embeddable":true,"href":"https:\/\/www.ksttukku.fi\/kauppa\/wp-json\/wp\/v2\/comments?post=4743"}],"wp:featuredmedia":[{"embeddable":true,"href":"https:\/\/www.ksttukku.fi\/kauppa\/wp-json\/wp\/v2\/media\/4744"}],"wp:attachment":[{"href":"https:\/\/www.ksttukku.fi\/kauppa\/wp-json\/wp\/v2\/media?parent=4743"}],"wp:term":[{"taxonomy":"product_brand","embeddable":true,"href":"https:\/\/www.ksttukku.fi\/kauppa\/wp-json\/wp\/v2\/product_brand?post=4743"},{"taxonomy":"product_cat","embeddable":true,"href":"https:\/\/www.ksttukku.fi\/kauppa\/wp-json\/wp\/v2\/product_cat?post=4743"},{"taxonomy":"product_tag","embeddable":true,"href":"https:\/\/www.ksttukku.fi\/kauppa\/wp-json\/wp\/v2\/product_tag?post=4743"}],"curies":[{"name":"wp","href":"https:\/\/api.w.org\/{rel}","templated":true}]}}