{"id":4745,"date":"2019-11-23T14:03:55","date_gmt":"2019-11-23T12:03:55","guid":{"rendered":"https:\/\/www.ksttukku.fi\/kauppa\/?post_type=product&#038;p=4745"},"modified":"2019-11-23T14:14:45","modified_gmt":"2019-11-23T12:14:45","slug":"riippuvalaisin-eglo-connect-moneva-c-valkoinen","status":"publish","type":"product","link":"https:\/\/www.ksttukku.fi\/kauppa\/tuote\/riippuvalaisin-eglo-connect-moneva-c-valkoinen\/","title":{"rendered":"Riippuvalaisin Eglo Connect Moneva-C valkoinen"},"content":{"rendered":"<p>Valaisinta voi himment\u00e4\u00e4 portaattomasti Eglo Connect kaukos\u00e4\u00e4timell\u00e4 tai \u00e4lypuhelimella<\/p>\n<p>Valon v\u00e4ri\u00e4 ja v\u00e4ril\u00e4mp\u00f6tilaa kelvinasteina voi s\u00e4\u00e4t\u00e4\u00e4 portaattomasti.<\/p>\n<p>Teho: 17 W<\/p>\n<p>Valovirta: 2100 lm<\/p>\n<p>Valaisimen koko: \u2205 405 mm, korkeus 1500 mm<\/p>\n<p>V\u00e4ril\u00e4mp\u00f6: 2700 \u2013 6500 K +RGB<\/p>\n","protected":false},"excerpt":{"rendered":"<p>Valaisinta voi ohjata \u00e4lypuhelimella tai Eglo connect kaukos\u00e4\u00e4timell\u00e4<\/p>\n","protected":false},"featured_media":4746,"comment_status":"closed","ping_status":"closed","template":"","meta":[],"product_brand":[],"product_cat":[34,317],"product_tag":[],"class_list":{"0":"post-4745","1":"product","2":"type-product","3":"status-publish","4":"has-post-thumbnail","6":"product_cat-valaisimet","7":"product_cat-alyvalaisimet-ja-lamput","9":"first","10":"instock","11":"taxable","12":"shipping-taxable","13":"purchasable","14":"product-type-simple"},"_links":{"self":[{"href":"https:\/\/www.ksttukku.fi\/kauppa\/wp-json\/wp\/v2\/product\/4745","targetHints":{"allow":["GET"]}}],"collection":[{"href":"https:\/\/www.ksttukku.fi\/kauppa\/wp-json\/wp\/v2\/product"}],"about":[{"href":"https:\/\/www.ksttukku.fi\/kauppa\/wp-json\/wp\/v2\/types\/product"}],"replies":[{"embeddable":true,"href":"https:\/\/www.ksttukku.fi\/kauppa\/wp-json\/wp\/v2\/comments?post=4745"}],"wp:featuredmedia":[{"embeddable":true,"href":"https:\/\/www.ksttukku.fi\/kauppa\/wp-json\/wp\/v2\/media\/4746"}],"wp:attachment":[{"href":"https:\/\/www.ksttukku.fi\/kauppa\/wp-json\/wp\/v2\/media?parent=4745"}],"wp:term":[{"taxonomy":"product_brand","embeddable":true,"href":"https:\/\/www.ksttukku.fi\/kauppa\/wp-json\/wp\/v2\/product_brand?post=4745"},{"taxonomy":"product_cat","embeddable":true,"href":"https:\/\/www.ksttukku.fi\/kauppa\/wp-json\/wp\/v2\/product_cat?post=4745"},{"taxonomy":"product_tag","embeddable":true,"href":"https:\/\/www.ksttukku.fi\/kauppa\/wp-json\/wp\/v2\/product_tag?post=4745"}],"curies":[{"name":"wp","href":"https:\/\/api.w.org\/{rel}","templated":true}]}}