{"id":4755,"date":"2019-11-26T17:34:23","date_gmt":"2019-11-26T15:34:23","guid":{"rendered":"https:\/\/www.ksttukku.fi\/kauppa\/?post_type=product&#038;p=4755"},"modified":"2019-11-26T17:34:24","modified_gmt":"2019-11-26T15:34:24","slug":"led-alasvalo-aura-5w-450lm","status":"publish","type":"product","link":"https:\/\/www.ksttukku.fi\/kauppa\/tuote\/led-alasvalo-aura-5w-450lm\/","title":{"rendered":"Led alasvalo Aura 5W 450lm"},"content":{"rendered":"<p>Uppoasennettava ledvalaisin kaikkiin kodin kuiviin tiloihin<\/p>\n<p>Valaisimessa on kolme toimintoa. Ohjataan tavallisella valokatkaisijalla. (1. keskelle syttyy yleisvalo 2. reunalle syttyy tunnelmavalo 3. molemmat valot palavat yht\u00e4aikaa)<\/p>\n<p>Teho: 3,5 + 1,5 W<\/p>\n<p>Valovirta: 340 + 110 lm<\/p>\n<p>Valaisimen koko: \u2205 82 mm, korkeus 40 mm<\/p>\n<p>Upotusaukko: \u2205 68 mm, syvyys 50 mm<\/p>\n<p>V\u00e4ril\u00e4mp\u00f6tila: 3000 K<\/p>\n","protected":false},"excerpt":{"rendered":"<p>Uppoasennettava ledvalaisin kaikkiin kodin kuiviin tiloihin Valaisimessa on kolme toimintoa. Ohjataan tavallisella valokatkaisijalla. (1. keskelle syttyy yleisvalo 2. reunalle syttyy tunnelmavalo 3. molemmat valot palavat yht\u00e4aikaa) Teho: 3,5 + 1,5 W Valovirta: 340 + 110 lm Valaisimen koko: \u2205 82 mm, korkeus 40 mm Upotusaukko: \u2205 68 mm, syvyys 50 mm V\u00e4ril\u00e4mp\u00f6tila: 3000 K<\/p>\n","protected":false},"featured_media":4756,"comment_status":"closed","ping_status":"closed","template":"","meta":[],"product_brand":[],"product_cat":[46,35,52,34],"product_tag":[],"class_list":{"0":"post-4755","1":"product","2":"type-product","3":"status-publish","4":"has-post-thumbnail","6":"product_cat-alasvalot","7":"product_cat-sisavalaisimet","8":"product_cat-upotettavat","9":"product_cat-valaisimet","11":"first","12":"instock","13":"taxable","14":"shipping-taxable","15":"purchasable","16":"product-type-simple"},"_links":{"self":[{"href":"https:\/\/www.ksttukku.fi\/kauppa\/wp-json\/wp\/v2\/product\/4755","targetHints":{"allow":["GET"]}}],"collection":[{"href":"https:\/\/www.ksttukku.fi\/kauppa\/wp-json\/wp\/v2\/product"}],"about":[{"href":"https:\/\/www.ksttukku.fi\/kauppa\/wp-json\/wp\/v2\/types\/product"}],"replies":[{"embeddable":true,"href":"https:\/\/www.ksttukku.fi\/kauppa\/wp-json\/wp\/v2\/comments?post=4755"}],"wp:featuredmedia":[{"embeddable":true,"href":"https:\/\/www.ksttukku.fi\/kauppa\/wp-json\/wp\/v2\/media\/4756"}],"wp:attachment":[{"href":"https:\/\/www.ksttukku.fi\/kauppa\/wp-json\/wp\/v2\/media?parent=4755"}],"wp:term":[{"taxonomy":"product_brand","embeddable":true,"href":"https:\/\/www.ksttukku.fi\/kauppa\/wp-json\/wp\/v2\/product_brand?post=4755"},{"taxonomy":"product_cat","embeddable":true,"href":"https:\/\/www.ksttukku.fi\/kauppa\/wp-json\/wp\/v2\/product_cat?post=4755"},{"taxonomy":"product_tag","embeddable":true,"href":"https:\/\/www.ksttukku.fi\/kauppa\/wp-json\/wp\/v2\/product_tag?post=4755"}],"curies":[{"name":"wp","href":"https:\/\/api.w.org\/{rel}","templated":true}]}}