{"id":4777,"date":"2019-11-30T14:22:29","date_gmt":"2019-11-30T12:22:29","guid":{"rendered":"https:\/\/www.ksttukku.fi\/kauppa\/?post_type=product&#038;p=4777"},"modified":"2019-12-25T00:00:09","modified_gmt":"2019-12-24T22:00:09","slug":"led-max-valonheitin-slim-100w-8000lm","status":"publish","type":"product","link":"https:\/\/www.ksttukku.fi\/kauppa\/tuote\/led-max-valonheitin-slim-100w-8000lm\/","title":{"rendered":"Led Max valonheitin slim 100W 8000lm IP44"},"content":{"rendered":"<p>LED ty\u00f6valaisin ulko &#8211; ja teollisuusvalaistukseen. Helppo asentaa ja suunnata asennussangan avulla. Pistotulppaliit\u00e4nt\u00e4.<\/p>\n<p>Valovirta: 8000lm<\/p>\n<p>V\u00e4ril\u00e4mp\u00f6tila: 4000K<\/p>\n<p>J\u00e4nnite: 230V\/50Hz<\/p>\n<p>Teho: 100W<\/p>\n<p>Mitat: 315 x 233 x 38 mm<\/p>\n<p>IP-luokka: IP44<\/p>\n<p>Johto: 0,6 m H05RN-F 3&#215;1.0mm\u00b2 kumikaapeli + IP44 SUKO-pistotulppa<\/p>\n","protected":false},"excerpt":{"rendered":"<p>LED ty\u00f6valaisin ulko &#8211; ja teollisuusvalaistukseen. Helppo asentaa ja suunnata asennussangan avulla. Pistotulppaliit\u00e4nt\u00e4. Valovirta: 8000lm V\u00e4ril\u00e4mp\u00f6tila: 4000K J\u00e4nnite: 230V\/50Hz Teho: 100W Mitat: 315 x 233 x 38 mm IP-luokka: IP44 Johto: 0,6 m H05RN-F 3&#215;1.0mm\u00b2 kumikaapeli + IP44 SUKO-pistotulppa<\/p>\n","protected":false},"featured_media":4778,"comment_status":"closed","ping_status":"closed","template":"","meta":[],"product_brand":[],"product_cat":[318,39],"product_tag":[],"class_list":{"0":"post-4777","1":"product","2":"type-product","3":"status-publish","4":"has-post-thumbnail","6":"product_cat-led-max-valonheittimet","7":"product_cat-valonheittimet","9":"first","10":"instock","11":"taxable","12":"shipping-taxable","13":"purchasable","14":"product-type-simple"},"_links":{"self":[{"href":"https:\/\/www.ksttukku.fi\/kauppa\/wp-json\/wp\/v2\/product\/4777","targetHints":{"allow":["GET"]}}],"collection":[{"href":"https:\/\/www.ksttukku.fi\/kauppa\/wp-json\/wp\/v2\/product"}],"about":[{"href":"https:\/\/www.ksttukku.fi\/kauppa\/wp-json\/wp\/v2\/types\/product"}],"replies":[{"embeddable":true,"href":"https:\/\/www.ksttukku.fi\/kauppa\/wp-json\/wp\/v2\/comments?post=4777"}],"wp:featuredmedia":[{"embeddable":true,"href":"https:\/\/www.ksttukku.fi\/kauppa\/wp-json\/wp\/v2\/media\/4778"}],"wp:attachment":[{"href":"https:\/\/www.ksttukku.fi\/kauppa\/wp-json\/wp\/v2\/media?parent=4777"}],"wp:term":[{"taxonomy":"product_brand","embeddable":true,"href":"https:\/\/www.ksttukku.fi\/kauppa\/wp-json\/wp\/v2\/product_brand?post=4777"},{"taxonomy":"product_cat","embeddable":true,"href":"https:\/\/www.ksttukku.fi\/kauppa\/wp-json\/wp\/v2\/product_cat?post=4777"},{"taxonomy":"product_tag","embeddable":true,"href":"https:\/\/www.ksttukku.fi\/kauppa\/wp-json\/wp\/v2\/product_tag?post=4777"}],"curies":[{"name":"wp","href":"https:\/\/api.w.org\/{rel}","templated":true}]}}