{"id":4799,"date":"2019-12-03T16:28:13","date_gmt":"2019-12-03T14:28:13","guid":{"rendered":"https:\/\/www.ksttukku.fi\/kauppa\/?post_type=product&#038;p=4799"},"modified":"2026-04-08T14:43:25","modified_gmt":"2026-04-08T11:43:25","slug":"emax-painopeitto-45kg-150x200cm","status":"publish","type":"product","link":"https:\/\/www.ksttukku.fi\/kauppa\/tuote\/emax-painopeitto-45kg-150x200cm\/","title":{"rendered":"Emax painopeitto 4,5kg 150x200cm"},"content":{"rendered":"<p>Todennettuja hy\u00f6tyj\u00e4 painopeitosta: Rentouttaa, Lievitt\u00e4\u00e4 stressi\u00e4 ja j\u00e4nnityst\u00e4, helpottaa nukahtamista, pident\u00e4\u00e4 kehon syv\u00e4n unen vaihetta, viilent\u00e4v\u00e4 vaikutus. Korkealaatuinen painotettu peite P\u00e4\u00e4likangas: 100% Polyester mikrokuitu, T\u00e4yte: 300g\/m2 polyester-vanu, Paino: Mikrolasihelmi\u00e4. Koko: 150 cm x 200 cm. Paino: 4,5kg, Voidaan pest\u00e4 30\u00b0C (varovainen ohjelma\/hienopesu), varovainen rumpukuivaus<\/p>\n","protected":false},"excerpt":{"rendered":"<p>Korkealaatuinen painotettu peite. Painopeitto saatttaa lievitt\u00e4\u00e4 stressi\u00e4 ja j\u00e4nnitystiloja, sek\u00e4 helpottaa nukahtamista. Paino 4,5 kg, mitat: 150\u00d7200 cm. Peiton painon tulee olla n. 10% omasta painosta.<\/p>\n","protected":false},"featured_media":4693,"comment_status":"closed","ping_status":"closed","template":"","meta":[],"product_brand":[],"product_cat":[312],"product_tag":[],"class_list":{"0":"post-4799","1":"product","2":"type-product","3":"status-publish","4":"has-post-thumbnail","6":"product_cat-painopeitot","8":"first","9":"outofstock","10":"sale","11":"taxable","12":"shipping-taxable","13":"purchasable","14":"product-type-simple"},"_links":{"self":[{"href":"https:\/\/www.ksttukku.fi\/kauppa\/wp-json\/wp\/v2\/product\/4799","targetHints":{"allow":["GET"]}}],"collection":[{"href":"https:\/\/www.ksttukku.fi\/kauppa\/wp-json\/wp\/v2\/product"}],"about":[{"href":"https:\/\/www.ksttukku.fi\/kauppa\/wp-json\/wp\/v2\/types\/product"}],"replies":[{"embeddable":true,"href":"https:\/\/www.ksttukku.fi\/kauppa\/wp-json\/wp\/v2\/comments?post=4799"}],"wp:featuredmedia":[{"embeddable":true,"href":"https:\/\/www.ksttukku.fi\/kauppa\/wp-json\/wp\/v2\/media\/4693"}],"wp:attachment":[{"href":"https:\/\/www.ksttukku.fi\/kauppa\/wp-json\/wp\/v2\/media?parent=4799"}],"wp:term":[{"taxonomy":"product_brand","embeddable":true,"href":"https:\/\/www.ksttukku.fi\/kauppa\/wp-json\/wp\/v2\/product_brand?post=4799"},{"taxonomy":"product_cat","embeddable":true,"href":"https:\/\/www.ksttukku.fi\/kauppa\/wp-json\/wp\/v2\/product_cat?post=4799"},{"taxonomy":"product_tag","embeddable":true,"href":"https:\/\/www.ksttukku.fi\/kauppa\/wp-json\/wp\/v2\/product_tag?post=4799"}],"curies":[{"name":"wp","href":"https:\/\/api.w.org\/{rel}","templated":true}]}}