{"id":4821,"date":"2019-12-08T16:19:47","date_gmt":"2019-12-08T14:19:47","guid":{"rendered":"https:\/\/www.ksttukku.fi\/kauppa\/?post_type=product&#038;p=4821"},"modified":"2022-08-24T18:29:55","modified_gmt":"2022-08-24T15:29:55","slug":"led-energie-seinavalaisin-wien-2-os-ip44-tummanharmaa","status":"publish","type":"product","link":"https:\/\/www.ksttukku.fi\/kauppa\/tuote\/led-energie-seinavalaisin-wien-2-os-ip44-tummanharmaa\/","title":{"rendered":"Led Energie sein\u00e4valaisin Wien 2-os IP44 tummanharmaa"},"content":{"rendered":"<p>Tyylik\u00e4s, kahteen suuntaan valaiseva sein\u00e4valo sis\u00e4- ja ulkok\u00e4ytt\u00f6\u00f6n. 2 x GU10 Max. 28W (ei sis.)<\/p>\n<p>J\u00e4nnite: 230V<\/p>\n<p>IP-luokka: IP44<\/p>\n<p>Materiaali: kirkas PC, alumiini.<\/p>\n<p>Mitat: \u03c690 x P150 x L110 x L234 mm<\/p>\n<p>V\u00e4ri: tummanharmaa<\/p>\n<p>CE<\/p>\n","protected":false},"excerpt":{"rendered":"<p>Tyylik\u00e4s kahteen suuntaan valaiseva sein\u00e4valo sis\u00e4- ja ulkok\u00e4ytt\u00f6\u00f6n.<\/p>\n","protected":false},"featured_media":4822,"comment_status":"closed","ping_status":"closed","template":"","meta":[],"product_brand":[],"product_cat":[37,36],"product_tag":[],"class_list":{"0":"post-4821","1":"product","2":"type-product","3":"status-publish","4":"has-post-thumbnail","6":"product_cat-seinavalaisimet","7":"product_cat-ulkovalaisimet","9":"first","10":"instock","11":"sale","12":"taxable","13":"shipping-taxable","14":"purchasable","15":"product-type-simple"},"_links":{"self":[{"href":"https:\/\/www.ksttukku.fi\/kauppa\/wp-json\/wp\/v2\/product\/4821","targetHints":{"allow":["GET"]}}],"collection":[{"href":"https:\/\/www.ksttukku.fi\/kauppa\/wp-json\/wp\/v2\/product"}],"about":[{"href":"https:\/\/www.ksttukku.fi\/kauppa\/wp-json\/wp\/v2\/types\/product"}],"replies":[{"embeddable":true,"href":"https:\/\/www.ksttukku.fi\/kauppa\/wp-json\/wp\/v2\/comments?post=4821"}],"wp:featuredmedia":[{"embeddable":true,"href":"https:\/\/www.ksttukku.fi\/kauppa\/wp-json\/wp\/v2\/media\/4822"}],"wp:attachment":[{"href":"https:\/\/www.ksttukku.fi\/kauppa\/wp-json\/wp\/v2\/media?parent=4821"}],"wp:term":[{"taxonomy":"product_brand","embeddable":true,"href":"https:\/\/www.ksttukku.fi\/kauppa\/wp-json\/wp\/v2\/product_brand?post=4821"},{"taxonomy":"product_cat","embeddable":true,"href":"https:\/\/www.ksttukku.fi\/kauppa\/wp-json\/wp\/v2\/product_cat?post=4821"},{"taxonomy":"product_tag","embeddable":true,"href":"https:\/\/www.ksttukku.fi\/kauppa\/wp-json\/wp\/v2\/product_tag?post=4821"}],"curies":[{"name":"wp","href":"https:\/\/api.w.org\/{rel}","templated":true}]}}