{"id":484,"date":"2018-02-10T14:00:23","date_gmt":"2018-02-10T12:00:23","guid":{"rendered":"http:\/\/www.ksttukku.fi\/kauppa\/?post_type=product&#038;p=484"},"modified":"2024-10-15T11:09:17","modified_gmt":"2024-10-15T08:09:17","slug":"kapyla-ip44-teras","status":"publish","type":"product","link":"https:\/\/www.ksttukku.fi\/kauppa\/tuote\/kapyla-ip44-teras\/","title":{"rendered":"K\u00e4pyl\u00e4 sein\u00e4valaisin IP44 ter\u00e4s"},"content":{"rendered":"<p>Klassisen ajattomat sein\u00e4- ja pollarivalaisimet piha-alueille, k\u00e4yt\u00e4ville ja julkisivujen yhteyteen.<\/p>\n<p>Valaisimen mitat: \u2205 221 mm, korkeus 243 mm<\/p>\n<p>Valonl\u00e4hde: E27 (ei sis\u00e4lly pakkaukseen)<\/p>\n<p>V\u00e4ri: harjattu ter\u00e4s<\/p>\n","protected":false},"excerpt":{"rendered":"<p>Klassisen ajattomat sein\u00e4- ja pollarivalaisimet piha-alueille, k\u00e4yt\u00e4ville ja julkisivujen yhteyteen. Valaisimen mitat: \u2205 221 mm, korkeus 243 mm Valonl\u00e4hde: E27 (ei sis\u00e4lly pakkaukseen) V\u00e4ri: harjattu ter\u00e4s<\/p>\n","protected":false},"featured_media":485,"comment_status":"closed","ping_status":"closed","template":"","meta":[],"product_brand":[],"product_cat":[37,36],"product_tag":[],"class_list":{"0":"post-484","1":"product","2":"type-product","3":"status-publish","4":"has-post-thumbnail","6":"product_cat-seinavalaisimet","7":"product_cat-ulkovalaisimet","9":"first","10":"instock","11":"taxable","12":"shipping-taxable","13":"purchasable","14":"product-type-simple"},"_links":{"self":[{"href":"https:\/\/www.ksttukku.fi\/kauppa\/wp-json\/wp\/v2\/product\/484","targetHints":{"allow":["GET"]}}],"collection":[{"href":"https:\/\/www.ksttukku.fi\/kauppa\/wp-json\/wp\/v2\/product"}],"about":[{"href":"https:\/\/www.ksttukku.fi\/kauppa\/wp-json\/wp\/v2\/types\/product"}],"replies":[{"embeddable":true,"href":"https:\/\/www.ksttukku.fi\/kauppa\/wp-json\/wp\/v2\/comments?post=484"}],"wp:featuredmedia":[{"embeddable":true,"href":"https:\/\/www.ksttukku.fi\/kauppa\/wp-json\/wp\/v2\/media\/485"}],"wp:attachment":[{"href":"https:\/\/www.ksttukku.fi\/kauppa\/wp-json\/wp\/v2\/media?parent=484"}],"wp:term":[{"taxonomy":"product_brand","embeddable":true,"href":"https:\/\/www.ksttukku.fi\/kauppa\/wp-json\/wp\/v2\/product_brand?post=484"},{"taxonomy":"product_cat","embeddable":true,"href":"https:\/\/www.ksttukku.fi\/kauppa\/wp-json\/wp\/v2\/product_cat?post=484"},{"taxonomy":"product_tag","embeddable":true,"href":"https:\/\/www.ksttukku.fi\/kauppa\/wp-json\/wp\/v2\/product_tag?post=484"}],"curies":[{"name":"wp","href":"https:\/\/api.w.org\/{rel}","templated":true}]}}