{"id":4887,"date":"2019-12-19T15:06:41","date_gmt":"2019-12-19T13:06:41","guid":{"rendered":"https:\/\/www.ksttukku.fi\/kauppa\/?post_type=product&#038;p=4887"},"modified":"2025-05-08T15:27:11","modified_gmt":"2025-05-08T12:27:11","slug":"city-ikkunavalaisin-musta","status":"publish","type":"product","link":"https:\/\/www.ksttukku.fi\/kauppa\/tuote\/city-ikkunavalaisin-musta\/","title":{"rendered":"City ikkunavalaisin musta"},"content":{"rendered":"<p>Valaisimen mitat: \u2205 10 cm, korkeus 14 cm<\/p>\n<p>Johdon pituus: 3,5 m<\/p>\n<p>Kanta: G9 (pakkaus ei sis\u00e4ll\u00e4 lamppua) suosittelemme k\u00e4ytt\u00e4m\u00e4\u00e4n ledlamppua<\/p>\n<p>V\u00e4ri: Musta l\u00e4pikuultava varjostin, josta City\/kaupunki aihe loistaa upeasti<\/p>\n<p>Materiaali: Metalli ja muovi<\/p>\n","protected":false},"excerpt":{"rendered":"<p>Valaisimen mitat: \u2205 10 cm, korkeus 14 cm Johdon pituus: 3,5 m Kanta: G9 (pakkaus ei sis\u00e4ll\u00e4 lamppua) suosittelemme k\u00e4ytt\u00e4m\u00e4\u00e4n ledlamppua V\u00e4ri: Musta l\u00e4pikuultava varjostin, josta City\/kaupunki aihe loistaa upeasti Materiaali: Metalli ja muovi<\/p>\n","protected":false},"featured_media":4888,"comment_status":"closed","ping_status":"closed","template":"","meta":[],"product_brand":[],"product_cat":[315,35,34],"product_tag":[],"class_list":{"0":"post-4887","1":"product","2":"type-product","3":"status-publish","4":"has-post-thumbnail","6":"product_cat-ikkunavalaisimet","7":"product_cat-sisavalaisimet","8":"product_cat-valaisimet","10":"first","11":"instock","12":"sale","13":"taxable","14":"shipping-taxable","15":"purchasable","16":"product-type-simple"},"_links":{"self":[{"href":"https:\/\/www.ksttukku.fi\/kauppa\/wp-json\/wp\/v2\/product\/4887","targetHints":{"allow":["GET"]}}],"collection":[{"href":"https:\/\/www.ksttukku.fi\/kauppa\/wp-json\/wp\/v2\/product"}],"about":[{"href":"https:\/\/www.ksttukku.fi\/kauppa\/wp-json\/wp\/v2\/types\/product"}],"replies":[{"embeddable":true,"href":"https:\/\/www.ksttukku.fi\/kauppa\/wp-json\/wp\/v2\/comments?post=4887"}],"wp:featuredmedia":[{"embeddable":true,"href":"https:\/\/www.ksttukku.fi\/kauppa\/wp-json\/wp\/v2\/media\/4888"}],"wp:attachment":[{"href":"https:\/\/www.ksttukku.fi\/kauppa\/wp-json\/wp\/v2\/media?parent=4887"}],"wp:term":[{"taxonomy":"product_brand","embeddable":true,"href":"https:\/\/www.ksttukku.fi\/kauppa\/wp-json\/wp\/v2\/product_brand?post=4887"},{"taxonomy":"product_cat","embeddable":true,"href":"https:\/\/www.ksttukku.fi\/kauppa\/wp-json\/wp\/v2\/product_cat?post=4887"},{"taxonomy":"product_tag","embeddable":true,"href":"https:\/\/www.ksttukku.fi\/kauppa\/wp-json\/wp\/v2\/product_tag?post=4887"}],"curies":[{"name":"wp","href":"https:\/\/api.w.org\/{rel}","templated":true}]}}