{"id":4904,"date":"2019-12-22T14:47:43","date_gmt":"2019-12-22T12:47:43","guid":{"rendered":"https:\/\/www.ksttukku.fi\/kauppa\/?post_type=product&#038;p=4904"},"modified":"2022-08-24T18:31:59","modified_gmt":"2022-08-24T15:31:59","slug":"led-energie-seinavalaisin-bonn-2-os-ip44-valkoinen","status":"publish","type":"product","link":"https:\/\/www.ksttukku.fi\/kauppa\/tuote\/led-energie-seinavalaisin-bonn-2-os-ip44-valkoinen\/","title":{"rendered":"Led Energie sein\u00e4valaisin Bonn 2-os IP44 valkoinen"},"content":{"rendered":"<p>Tyylik\u00e4s py\u00f6re\u00e4 sein\u00e4valaisin sis\u00e4- ja ulkok\u00e4ytt\u00f6\u00f6n. Valaisee sek\u00e4 yl\u00f6s- ett\u00e4 alasp\u00e4in. 2 x GU10 Max 28W (ei sis.)<\/p>\n<p>J\u00e4nnite: 230V \/ 50Hz<\/p>\n<p>IP-luokka: IP44<\/p>\n<p>Materiaali: kirkas PC, alumiini<\/p>\n<p>Mitat: \u00d8 90 x P 155 mm x L 110 mm x K 234 mm<\/p>\n<p>V\u00e4ri: valkoinen<\/p>\n<p>CE<\/p>\n","protected":false},"excerpt":{"rendered":"<p>Tyylik\u00e4s py\u00f6re\u00e4 sein\u00e4valaisin sis\u00e4- ja ulkok\u00e4ytt\u00f6\u00f6n. Valaisee sek\u00e4 yl\u00f6s- ett\u00e4 alasp\u00e4in. 2 x GU10 Max 28W (ei sis.) J\u00e4nnite: 230V \/ 50Hz IP-luokka: IP44 Materiaali: kirkas PC, alumiini Mitat: \u00d8 90 x P 155 mm x L 110 mm x K 234 mm V\u00e4ri: valkoinen CE<\/p>\n","protected":false},"featured_media":4905,"comment_status":"closed","ping_status":"closed","template":"","meta":[],"product_brand":[],"product_cat":[37,36],"product_tag":[],"class_list":{"0":"post-4904","1":"product","2":"type-product","3":"status-publish","4":"has-post-thumbnail","6":"product_cat-seinavalaisimet","7":"product_cat-ulkovalaisimet","9":"first","10":"instock","11":"sale","12":"taxable","13":"shipping-taxable","14":"purchasable","15":"product-type-simple"},"_links":{"self":[{"href":"https:\/\/www.ksttukku.fi\/kauppa\/wp-json\/wp\/v2\/product\/4904","targetHints":{"allow":["GET"]}}],"collection":[{"href":"https:\/\/www.ksttukku.fi\/kauppa\/wp-json\/wp\/v2\/product"}],"about":[{"href":"https:\/\/www.ksttukku.fi\/kauppa\/wp-json\/wp\/v2\/types\/product"}],"replies":[{"embeddable":true,"href":"https:\/\/www.ksttukku.fi\/kauppa\/wp-json\/wp\/v2\/comments?post=4904"}],"wp:featuredmedia":[{"embeddable":true,"href":"https:\/\/www.ksttukku.fi\/kauppa\/wp-json\/wp\/v2\/media\/4905"}],"wp:attachment":[{"href":"https:\/\/www.ksttukku.fi\/kauppa\/wp-json\/wp\/v2\/media?parent=4904"}],"wp:term":[{"taxonomy":"product_brand","embeddable":true,"href":"https:\/\/www.ksttukku.fi\/kauppa\/wp-json\/wp\/v2\/product_brand?post=4904"},{"taxonomy":"product_cat","embeddable":true,"href":"https:\/\/www.ksttukku.fi\/kauppa\/wp-json\/wp\/v2\/product_cat?post=4904"},{"taxonomy":"product_tag","embeddable":true,"href":"https:\/\/www.ksttukku.fi\/kauppa\/wp-json\/wp\/v2\/product_tag?post=4904"}],"curies":[{"name":"wp","href":"https:\/\/api.w.org\/{rel}","templated":true}]}}