{"id":4906,"date":"2019-12-22T15:01:26","date_gmt":"2019-12-22T13:01:26","guid":{"rendered":"https:\/\/www.ksttukku.fi\/kauppa\/?post_type=product&#038;p=4906"},"modified":"2025-06-18T11:59:03","modified_gmt":"2025-06-18T08:59:03","slug":"led-energie-seinavalaisin-bonn-2-os-ip44-musta","status":"publish","type":"product","link":"https:\/\/www.ksttukku.fi\/kauppa\/tuote\/led-energie-seinavalaisin-bonn-2-os-ip44-musta\/","title":{"rendered":"Led Energie sein\u00e4valaisin Bonn 2-os IP44 musta"},"content":{"rendered":"<p>Tyylik\u00e4s py\u00f6re\u00e4 sein\u00e4valaisin sis\u00e4- ja ulkok\u00e4ytt\u00f6\u00f6n. Valaisee sek\u00e4 yl\u00f6s- ett\u00e4 alasp\u00e4in. 2 x GU10 Max 28W (ei sis.)<\/p>\n<p>J\u00e4nnite: 230V \/ 50Hz<\/p>\n<p>IP-luokka: IP44<\/p>\n<p>Materiaali: kirkas PC, alumiini<\/p>\n<p>Mitat: \u00d8 90 x P 155 mm x L 110 mm x K 234 mm<\/p>\n<p>V\u00e4ri: musta<\/p>\n<p>CE<\/p>\n","protected":false},"excerpt":{"rendered":"<p>Tyylik\u00e4s py\u00f6re\u00e4 sein\u00e4valaisin sis\u00e4- ja ulkok\u00e4ytt\u00f6\u00f6n. Valaisee sek\u00e4 yl\u00f6s- ett\u00e4 alasp\u00e4in. 2 x GU10 Max 28W (ei sis.) J\u00e4nnite: 230V \/ 50Hz IP-luokka: IP44 Materiaali: kirkas PC, alumiini Mitat: \u00d8 90 x P 155 mm x L 110 mm x K 234 mm V\u00e4ri: musta CE<\/p>\n","protected":false},"featured_media":4907,"comment_status":"closed","ping_status":"closed","template":"","meta":[],"product_brand":[],"product_cat":[37,36],"product_tag":[],"class_list":{"0":"post-4906","1":"product","2":"type-product","3":"status-publish","4":"has-post-thumbnail","6":"product_cat-seinavalaisimet","7":"product_cat-ulkovalaisimet","9":"first","10":"instock","11":"sale","12":"taxable","13":"shipping-taxable","14":"purchasable","15":"product-type-simple"},"_links":{"self":[{"href":"https:\/\/www.ksttukku.fi\/kauppa\/wp-json\/wp\/v2\/product\/4906","targetHints":{"allow":["GET"]}}],"collection":[{"href":"https:\/\/www.ksttukku.fi\/kauppa\/wp-json\/wp\/v2\/product"}],"about":[{"href":"https:\/\/www.ksttukku.fi\/kauppa\/wp-json\/wp\/v2\/types\/product"}],"replies":[{"embeddable":true,"href":"https:\/\/www.ksttukku.fi\/kauppa\/wp-json\/wp\/v2\/comments?post=4906"}],"wp:featuredmedia":[{"embeddable":true,"href":"https:\/\/www.ksttukku.fi\/kauppa\/wp-json\/wp\/v2\/media\/4907"}],"wp:attachment":[{"href":"https:\/\/www.ksttukku.fi\/kauppa\/wp-json\/wp\/v2\/media?parent=4906"}],"wp:term":[{"taxonomy":"product_brand","embeddable":true,"href":"https:\/\/www.ksttukku.fi\/kauppa\/wp-json\/wp\/v2\/product_brand?post=4906"},{"taxonomy":"product_cat","embeddable":true,"href":"https:\/\/www.ksttukku.fi\/kauppa\/wp-json\/wp\/v2\/product_cat?post=4906"},{"taxonomy":"product_tag","embeddable":true,"href":"https:\/\/www.ksttukku.fi\/kauppa\/wp-json\/wp\/v2\/product_tag?post=4906"}],"curies":[{"name":"wp","href":"https:\/\/api.w.org\/{rel}","templated":true}]}}