{"id":4972,"date":"2020-01-08T13:47:15","date_gmt":"2020-01-08T11:47:15","guid":{"rendered":"https:\/\/www.ksttukku.fi\/kauppa\/?post_type=product&#038;p=4972"},"modified":"2026-01-21T17:39:43","modified_gmt":"2026-01-21T15:39:43","slug":"valopeili-preston","status":"publish","type":"product","link":"https:\/\/www.ksttukku.fi\/kauppa\/tuote\/valopeili-preston\/","title":{"rendered":"Valopeili Preston 800 mm IP44"},"content":{"rendered":"<p>Halkaisijaltaan\u00a0 80 cm oleva Preston valopeili on ajaton sisustusratkaisu kylpyhuoneeseen tai wc-tilaan.<\/p>\n<p>Preston soveltuu sek\u00e4 perinteiseen ett\u00e4 moderniin sisustukseen ajattoman py\u00f6re\u00e4n muodon ansiosta. Peili\u00e4 ymp\u00e4r\u00f6i LED-valo, joka korostaa kasvoja niin, ettei siihen j\u00e4\u00e4 varjokohtia. Luonnon valkoinen valo heijastuu tunnelmallisesti my\u00f6s peilin takana olevaan sein\u00e4\u00e4n. Peiliss\u00e4 ei ole kehyst\u00e4, eik\u00e4 kytkint\u00e4.<\/p>\n<ul>\n<li>Valaisin 30\u00a0W LED<\/li>\n<li>V\u00e4ril\u00e4mp\u00f6tila 4200 K<\/li>\n<li>Valoteho 2000 LM<\/li>\n<li>IP 44<\/li>\n<\/ul>\n","protected":false},"excerpt":{"rendered":"<p>Halkaisijaltaan\u00a0 80 cm oleva Preston valopeili on ajaton sisustusratkaisu kylpyhuoneeseen tai wc-tilaan. Preston soveltuu sek\u00e4 perinteiseen ett\u00e4 moderniin sisustukseen ajattoman py\u00f6re\u00e4n muodon ansiosta. Peili\u00e4 ymp\u00e4r\u00f6i LED-valo, joka korostaa kasvoja niin, ettei siihen j\u00e4\u00e4 varjokohtia. Luonnon valkoinen valo heijastuu tunnelmallisesti my\u00f6s peilin takana olevaan sein\u00e4\u00e4n. Peiliss\u00e4 ei ole kehyst\u00e4, eik\u00e4 kytkint\u00e4. Valaisin 30\u00a0W LED V\u00e4ril\u00e4mp\u00f6tila 4200 [&hellip;]<\/p>\n","protected":false},"featured_media":4973,"comment_status":"closed","ping_status":"closed","template":"","meta":[],"product_brand":[],"product_cat":[150,237],"product_tag":[],"class_list":{"0":"post-4972","1":"product","2":"type-product","3":"status-publish","4":"has-post-thumbnail","6":"product_cat-kylpyhuone","7":"product_cat-valopeilit","9":"first","10":"outofstock","11":"sale","12":"taxable","13":"shipping-taxable","14":"purchasable","15":"product-type-simple"},"_links":{"self":[{"href":"https:\/\/www.ksttukku.fi\/kauppa\/wp-json\/wp\/v2\/product\/4972","targetHints":{"allow":["GET"]}}],"collection":[{"href":"https:\/\/www.ksttukku.fi\/kauppa\/wp-json\/wp\/v2\/product"}],"about":[{"href":"https:\/\/www.ksttukku.fi\/kauppa\/wp-json\/wp\/v2\/types\/product"}],"replies":[{"embeddable":true,"href":"https:\/\/www.ksttukku.fi\/kauppa\/wp-json\/wp\/v2\/comments?post=4972"}],"wp:featuredmedia":[{"embeddable":true,"href":"https:\/\/www.ksttukku.fi\/kauppa\/wp-json\/wp\/v2\/media\/4973"}],"wp:attachment":[{"href":"https:\/\/www.ksttukku.fi\/kauppa\/wp-json\/wp\/v2\/media?parent=4972"}],"wp:term":[{"taxonomy":"product_brand","embeddable":true,"href":"https:\/\/www.ksttukku.fi\/kauppa\/wp-json\/wp\/v2\/product_brand?post=4972"},{"taxonomy":"product_cat","embeddable":true,"href":"https:\/\/www.ksttukku.fi\/kauppa\/wp-json\/wp\/v2\/product_cat?post=4972"},{"taxonomy":"product_tag","embeddable":true,"href":"https:\/\/www.ksttukku.fi\/kauppa\/wp-json\/wp\/v2\/product_tag?post=4972"}],"curies":[{"name":"wp","href":"https:\/\/api.w.org\/{rel}","templated":true}]}}