{"id":4986,"date":"2020-01-10T12:05:34","date_gmt":"2020-01-10T10:05:34","guid":{"rendered":"https:\/\/www.ksttukku.fi\/kauppa\/?post_type=product&#038;p=4986"},"modified":"2020-01-10T12:41:06","modified_gmt":"2020-01-10T10:41:06","slug":"plata-moduulivalaisin-mikroprismakuvulla-40w-4130lm-595x595mm","status":"publish","type":"product","link":"https:\/\/www.ksttukku.fi\/kauppa\/tuote\/plata-moduulivalaisin-mikroprismakuvulla-40w-4130lm-595x595mm\/","title":{"rendered":"Plata moduulivalaisin mikroprismakuvulla 40W 4130lm 595x595mm"},"content":{"rendered":"<p>Plata on matalarakenteinen moduulivalaisin. K\u00e4ytt\u00f6kohteita ovat toimistot, k\u00e4yt\u00e4v\u00e4t, aulatilat, koulut ja muut julkiset tilat. Mikroprismakuvuilla varustetut h\u00e4ik\u00e4isem\u00e4tt\u00f6m\u00e4t mallit sopivat erinomaisesti luokkahuoneisiin ja p\u00e4\u00e4tety\u00f6skentelyyn. Valaisin sopii erityisen hyvin toimistoihin ja julkisiin tiloihin, joissa se voidaan upottaa alakattoj\u00e4rjestelmiin. Se voidaan my\u00f6s ripustaa vaijerilla tai erillisell\u00e4 kehyksell\u00e4 kattopintaan.<\/p>\n<p>J\u00e4nnite: 230 V, 50 Hz<\/p>\n<p>V\u00e4ril\u00e4mp\u00f6tila: 4000 K (valkoinen)<\/p>\n<p>Teho: 40 W<\/p>\n<p>Valovirta: 4130 lm<\/p>\n<p>IP-luokka: IP20<\/p>\n<p>Mitat: kehys 595 x 595 mm, valoaukko 557 x 557 mm, korkeus 10,5 mm<\/p>\n","protected":false},"excerpt":{"rendered":"<p>Plata on matalarakenteinen moduulivalaisin. K\u00e4ytt\u00f6kohteita ovat toimistot, k\u00e4yt\u00e4v\u00e4t, aulatilat, koulut ja muut julkiset tilat. Mikroprismakuvuilla varustetut h\u00e4ik\u00e4isem\u00e4tt\u00f6m\u00e4t mallit sopivat erinomaisesti luokkahuoneisiin ja p\u00e4\u00e4tety\u00f6skentelyyn. Valaisin sopii erityisen hyvin toimistoihin ja julkisiin tiloihin, joissa se voidaan upottaa alakattoj\u00e4rjestelmiin. Se voidaan my\u00f6s ripustaa vaijerilla tai erillisell\u00e4 kehyksell\u00e4 kattopintaan. J\u00e4nnite: 230 V, 50 Hz V\u00e4ril\u00e4mp\u00f6tila: 4000 K (valkoinen) Teho: [&hellip;]<\/p>\n","protected":false},"featured_media":4985,"comment_status":"closed","ping_status":"closed","template":"","meta":[],"product_brand":[],"product_cat":[183,35,34],"product_tag":[],"class_list":{"0":"post-4986","1":"product","2":"type-product","3":"status-publish","4":"has-post-thumbnail","6":"product_cat-led-paneelivalaisimet","7":"product_cat-sisavalaisimet","8":"product_cat-valaisimet","10":"first","11":"instock","12":"taxable","13":"shipping-taxable","14":"purchasable","15":"product-type-simple"},"_links":{"self":[{"href":"https:\/\/www.ksttukku.fi\/kauppa\/wp-json\/wp\/v2\/product\/4986","targetHints":{"allow":["GET"]}}],"collection":[{"href":"https:\/\/www.ksttukku.fi\/kauppa\/wp-json\/wp\/v2\/product"}],"about":[{"href":"https:\/\/www.ksttukku.fi\/kauppa\/wp-json\/wp\/v2\/types\/product"}],"replies":[{"embeddable":true,"href":"https:\/\/www.ksttukku.fi\/kauppa\/wp-json\/wp\/v2\/comments?post=4986"}],"wp:featuredmedia":[{"embeddable":true,"href":"https:\/\/www.ksttukku.fi\/kauppa\/wp-json\/wp\/v2\/media\/4985"}],"wp:attachment":[{"href":"https:\/\/www.ksttukku.fi\/kauppa\/wp-json\/wp\/v2\/media?parent=4986"}],"wp:term":[{"taxonomy":"product_brand","embeddable":true,"href":"https:\/\/www.ksttukku.fi\/kauppa\/wp-json\/wp\/v2\/product_brand?post=4986"},{"taxonomy":"product_cat","embeddable":true,"href":"https:\/\/www.ksttukku.fi\/kauppa\/wp-json\/wp\/v2\/product_cat?post=4986"},{"taxonomy":"product_tag","embeddable":true,"href":"https:\/\/www.ksttukku.fi\/kauppa\/wp-json\/wp\/v2\/product_tag?post=4986"}],"curies":[{"name":"wp","href":"https:\/\/api.w.org\/{rel}","templated":true}]}}