{"id":4996,"date":"2020-01-11T12:20:43","date_gmt":"2020-01-11T10:20:43","guid":{"rendered":"https:\/\/www.ksttukku.fi\/kauppa\/?post_type=product&#038;p=4996"},"modified":"2022-11-17T14:14:49","modified_gmt":"2022-11-17T12:14:49","slug":"saadettava-kalustejalka-rev-harjattu-rst-85-130mm","status":"publish","type":"product","link":"https:\/\/www.ksttukku.fi\/kauppa\/tuote\/saadettava-kalustejalka-rev-harjattu-rst-85-130mm\/","title":{"rendered":"S\u00e4\u00e4dett\u00e4v\u00e4 kalustejalka REV harjattu rst 85-130mm"},"content":{"rendered":"<p>S\u00e4\u00e4dett\u00e4v\u00e4, laipallinen REV kalustejalka. S\u00e4\u00e4t\u00f6 85-130mm. Kapeampi, s\u00e4\u00e4tyv\u00e4 osuus jalan yl\u00e4osassa, putken halkaisija 30mm(yl\u00e4osa)\/33(alaosa), laippa 65x65mm. S\u00e4vy harjattu rst. Materiaali ruostumaton ter\u00e4s.<\/p>\n","protected":false},"excerpt":{"rendered":"<p>S\u00e4\u00e4dett\u00e4v\u00e4, laipallinen REV kalustejalka. S\u00e4\u00e4t\u00f6 85-130mm. Kapeampi, s\u00e4\u00e4tyv\u00e4 osuus jalan yl\u00e4osassa, putken halkaisija 30mm(yl\u00e4osa)\/33(alaosa), laippa 65x65mm. S\u00e4vy harjattu rst. Materiaali ruostumaton ter\u00e4s.<\/p>\n","protected":false},"featured_media":4997,"comment_status":"closed","ping_status":"closed","template":"","meta":[],"product_brand":[],"product_cat":[320],"product_tag":[],"class_list":{"0":"post-4996","1":"product","2":"type-product","3":"status-publish","4":"has-post-thumbnail","6":"product_cat-kalustejalat","8":"first","9":"instock","10":"taxable","11":"shipping-taxable","12":"purchasable","13":"product-type-simple"},"_links":{"self":[{"href":"https:\/\/www.ksttukku.fi\/kauppa\/wp-json\/wp\/v2\/product\/4996","targetHints":{"allow":["GET"]}}],"collection":[{"href":"https:\/\/www.ksttukku.fi\/kauppa\/wp-json\/wp\/v2\/product"}],"about":[{"href":"https:\/\/www.ksttukku.fi\/kauppa\/wp-json\/wp\/v2\/types\/product"}],"replies":[{"embeddable":true,"href":"https:\/\/www.ksttukku.fi\/kauppa\/wp-json\/wp\/v2\/comments?post=4996"}],"wp:featuredmedia":[{"embeddable":true,"href":"https:\/\/www.ksttukku.fi\/kauppa\/wp-json\/wp\/v2\/media\/4997"}],"wp:attachment":[{"href":"https:\/\/www.ksttukku.fi\/kauppa\/wp-json\/wp\/v2\/media?parent=4996"}],"wp:term":[{"taxonomy":"product_brand","embeddable":true,"href":"https:\/\/www.ksttukku.fi\/kauppa\/wp-json\/wp\/v2\/product_brand?post=4996"},{"taxonomy":"product_cat","embeddable":true,"href":"https:\/\/www.ksttukku.fi\/kauppa\/wp-json\/wp\/v2\/product_cat?post=4996"},{"taxonomy":"product_tag","embeddable":true,"href":"https:\/\/www.ksttukku.fi\/kauppa\/wp-json\/wp\/v2\/product_tag?post=4996"}],"curies":[{"name":"wp","href":"https:\/\/api.w.org\/{rel}","templated":true}]}}