{"id":4998,"date":"2020-01-11T12:37:47","date_gmt":"2020-01-11T10:37:47","guid":{"rendered":"https:\/\/www.ksttukku.fi\/kauppa\/?post_type=product&#038;p=4998"},"modified":"2023-02-23T15:34:49","modified_gmt":"2023-02-23T13:34:49","slug":"saadettava-kalustejalka-kiillotettu-rst-85-130mm","status":"publish","type":"product","link":"https:\/\/www.ksttukku.fi\/kauppa\/tuote\/saadettava-kalustejalka-kiillotettu-rst-85-130mm\/","title":{"rendered":"S\u00e4\u00e4dett\u00e4v\u00e4 kalustejalka REV kiillotettu rst 85-130mm"},"content":{"rendered":"<p>S\u00e4\u00e4dett\u00e4v\u00e4, laipallinen REV kalustejalka. S\u00e4\u00e4t\u00f6 80-130mm. Kapeampi, s\u00e4\u00e4tyv\u00e4 osuus jalan yl\u00e4osassa, putken halkaisija 30mm(yl\u00e4osa)\/33(alaosa), laippa 65x65mm. S\u00e4vy kiillotettu rst. Materiaali ruostumaton ter\u00e4s.<\/p>\n","protected":false},"excerpt":{"rendered":"<p>S\u00e4\u00e4dett\u00e4v\u00e4, laipallinen REV kalustejalka. S\u00e4\u00e4t\u00f6 80-130mm. Kapeampi, s\u00e4\u00e4tyv\u00e4 osuus jalan yl\u00e4osassa, putken halkaisija 30mm(yl\u00e4osa)\/33(alaosa), laippa 65x65mm. S\u00e4vy kiillotettu rst. Materiaali ruostumaton ter\u00e4s.<\/p>\n","protected":false},"featured_media":4999,"comment_status":"closed","ping_status":"closed","template":"","meta":[],"product_brand":[],"product_cat":[320],"product_tag":[],"class_list":{"0":"post-4998","1":"product","2":"type-product","3":"status-publish","4":"has-post-thumbnail","6":"product_cat-kalustejalat","8":"first","9":"instock","10":"taxable","11":"shipping-taxable","12":"purchasable","13":"product-type-simple"},"_links":{"self":[{"href":"https:\/\/www.ksttukku.fi\/kauppa\/wp-json\/wp\/v2\/product\/4998","targetHints":{"allow":["GET"]}}],"collection":[{"href":"https:\/\/www.ksttukku.fi\/kauppa\/wp-json\/wp\/v2\/product"}],"about":[{"href":"https:\/\/www.ksttukku.fi\/kauppa\/wp-json\/wp\/v2\/types\/product"}],"replies":[{"embeddable":true,"href":"https:\/\/www.ksttukku.fi\/kauppa\/wp-json\/wp\/v2\/comments?post=4998"}],"wp:featuredmedia":[{"embeddable":true,"href":"https:\/\/www.ksttukku.fi\/kauppa\/wp-json\/wp\/v2\/media\/4999"}],"wp:attachment":[{"href":"https:\/\/www.ksttukku.fi\/kauppa\/wp-json\/wp\/v2\/media?parent=4998"}],"wp:term":[{"taxonomy":"product_brand","embeddable":true,"href":"https:\/\/www.ksttukku.fi\/kauppa\/wp-json\/wp\/v2\/product_brand?post=4998"},{"taxonomy":"product_cat","embeddable":true,"href":"https:\/\/www.ksttukku.fi\/kauppa\/wp-json\/wp\/v2\/product_cat?post=4998"},{"taxonomy":"product_tag","embeddable":true,"href":"https:\/\/www.ksttukku.fi\/kauppa\/wp-json\/wp\/v2\/product_tag?post=4998"}],"curies":[{"name":"wp","href":"https:\/\/api.w.org\/{rel}","templated":true}]}}