{"id":5020,"date":"2020-01-14T13:26:48","date_gmt":"2020-01-14T11:26:48","guid":{"rendered":"https:\/\/www.ksttukku.fi\/kauppa\/?post_type=product&#038;p=5020"},"modified":"2022-11-17T14:05:09","modified_gmt":"2022-11-17T12:05:09","slug":"saadettava-kalustejalka-rim-harjattu-rst-130-240mm","status":"publish","type":"product","link":"https:\/\/www.ksttukku.fi\/kauppa\/tuote\/saadettava-kalustejalka-rim-harjattu-rst-130-240mm\/","title":{"rendered":"S\u00e4\u00e4dett\u00e4v\u00e4 kalustejalka RIM harjattu rst 130-240mm"},"content":{"rendered":"<p>Rim s\u00e4\u00e4dett\u00e4v\u00e4, laipallinen kalustejalka. S\u00e4\u00e4t\u00f6 130-240mm, putken halkaisija 33mm(yl\u00e4osa) \/ 30(alaosa), laippa 65x65mm. S\u00e4vy harjattu rst. Materiaali ruostumaton ter\u00e4s.<\/p>\n","protected":false},"excerpt":{"rendered":"<p>Rim s\u00e4\u00e4dett\u00e4v\u00e4, laipallinen kalustejalka. S\u00e4\u00e4t\u00f6 130-240mm, putken halkaisija 33mm(yl\u00e4osa) \/ 30(alaosa), laippa 65x65mm. S\u00e4vy harjattu rst. Materiaali ruostumaton ter\u00e4s.<\/p>\n","protected":false},"featured_media":5021,"comment_status":"closed","ping_status":"closed","template":"","meta":[],"product_brand":[],"product_cat":[320],"product_tag":[],"class_list":{"0":"post-5020","1":"product","2":"type-product","3":"status-publish","4":"has-post-thumbnail","6":"product_cat-kalustejalat","8":"first","9":"outofstock","10":"taxable","11":"shipping-taxable","12":"purchasable","13":"product-type-simple"},"_links":{"self":[{"href":"https:\/\/www.ksttukku.fi\/kauppa\/wp-json\/wp\/v2\/product\/5020","targetHints":{"allow":["GET"]}}],"collection":[{"href":"https:\/\/www.ksttukku.fi\/kauppa\/wp-json\/wp\/v2\/product"}],"about":[{"href":"https:\/\/www.ksttukku.fi\/kauppa\/wp-json\/wp\/v2\/types\/product"}],"replies":[{"embeddable":true,"href":"https:\/\/www.ksttukku.fi\/kauppa\/wp-json\/wp\/v2\/comments?post=5020"}],"wp:featuredmedia":[{"embeddable":true,"href":"https:\/\/www.ksttukku.fi\/kauppa\/wp-json\/wp\/v2\/media\/5021"}],"wp:attachment":[{"href":"https:\/\/www.ksttukku.fi\/kauppa\/wp-json\/wp\/v2\/media?parent=5020"}],"wp:term":[{"taxonomy":"product_brand","embeddable":true,"href":"https:\/\/www.ksttukku.fi\/kauppa\/wp-json\/wp\/v2\/product_brand?post=5020"},{"taxonomy":"product_cat","embeddable":true,"href":"https:\/\/www.ksttukku.fi\/kauppa\/wp-json\/wp\/v2\/product_cat?post=5020"},{"taxonomy":"product_tag","embeddable":true,"href":"https:\/\/www.ksttukku.fi\/kauppa\/wp-json\/wp\/v2\/product_tag?post=5020"}],"curies":[{"name":"wp","href":"https:\/\/api.w.org\/{rel}","templated":true}]}}