{"id":5036,"date":"2020-01-14T17:41:21","date_gmt":"2020-01-14T15:41:21","guid":{"rendered":"https:\/\/www.ksttukku.fi\/kauppa\/?post_type=product&#038;p=5036"},"modified":"2020-01-14T17:41:22","modified_gmt":"2020-01-14T15:41:22","slug":"led-pl-lamppu-g23-9w-900lm-4000k","status":"publish","type":"product","link":"https:\/\/www.ksttukku.fi\/kauppa\/tuote\/led-pl-lamppu-g23-9w-900lm-4000k\/","title":{"rendered":"Led PL-lamppu G23 9W 900lm 4000K"},"content":{"rendered":"<p>Kanta: G23 2-pin<\/p>\n<p>Teho: 9W<\/p>\n<p>Valovirta: 900lm<\/p>\n<p>K\u00e4ytt\u00f6j\u00e4nnite: 220-240V<\/p>\n<p>Valonjakokulma: 300\u00b0<\/p>\n<p>V\u00e4ril\u00e4mp\u00f6tila: 4000K<\/p>\n<p>K\u00e4ytt\u00f6ik\u00e4: 25000h<\/p>\n<p>Mitat: 232 x 32 x 21 mm<\/p>\n<p>CRI: &gt;80<\/p>\n<p>LED: SMD2835<\/p>\n<p>CE, RoHs<\/p>\n","protected":false},"excerpt":{"rendered":"<p>Kanta: G23 2-pin Teho: 9W Valovirta: 900lm K\u00e4ytt\u00f6j\u00e4nnite: 220-240V Valonjakokulma: 300\u00b0 V\u00e4ril\u00e4mp\u00f6tila: 4000K K\u00e4ytt\u00f6ik\u00e4: 25000h Mitat: 232 x 32 x 21 mm CRI: &gt;80 LED: SMD2835 CE, RoHs<\/p>\n","protected":false},"featured_media":5037,"comment_status":"closed","ping_status":"closed","template":"","meta":[],"product_brand":[],"product_cat":[185,189],"product_tag":[],"class_list":{"0":"post-5036","1":"product","2":"type-product","3":"status-publish","4":"has-post-thumbnail","6":"product_cat-lamput","7":"product_cat-muut-ledlamput","9":"first","10":"instock","11":"taxable","12":"shipping-taxable","13":"purchasable","14":"product-type-simple"},"_links":{"self":[{"href":"https:\/\/www.ksttukku.fi\/kauppa\/wp-json\/wp\/v2\/product\/5036","targetHints":{"allow":["GET"]}}],"collection":[{"href":"https:\/\/www.ksttukku.fi\/kauppa\/wp-json\/wp\/v2\/product"}],"about":[{"href":"https:\/\/www.ksttukku.fi\/kauppa\/wp-json\/wp\/v2\/types\/product"}],"replies":[{"embeddable":true,"href":"https:\/\/www.ksttukku.fi\/kauppa\/wp-json\/wp\/v2\/comments?post=5036"}],"wp:featuredmedia":[{"embeddable":true,"href":"https:\/\/www.ksttukku.fi\/kauppa\/wp-json\/wp\/v2\/media\/5037"}],"wp:attachment":[{"href":"https:\/\/www.ksttukku.fi\/kauppa\/wp-json\/wp\/v2\/media?parent=5036"}],"wp:term":[{"taxonomy":"product_brand","embeddable":true,"href":"https:\/\/www.ksttukku.fi\/kauppa\/wp-json\/wp\/v2\/product_brand?post=5036"},{"taxonomy":"product_cat","embeddable":true,"href":"https:\/\/www.ksttukku.fi\/kauppa\/wp-json\/wp\/v2\/product_cat?post=5036"},{"taxonomy":"product_tag","embeddable":true,"href":"https:\/\/www.ksttukku.fi\/kauppa\/wp-json\/wp\/v2\/product_tag?post=5036"}],"curies":[{"name":"wp","href":"https:\/\/api.w.org\/{rel}","templated":true}]}}