{"id":505,"date":"2018-02-14T16:46:51","date_gmt":"2018-02-14T14:46:51","guid":{"rendered":"http:\/\/www.ksttukku.fi\/kauppa\/?post_type=product&#038;p=505"},"modified":"2025-10-08T17:00:29","modified_gmt":"2025-10-08T14:00:29","slug":"park-ip44-harmaa","status":"publish","type":"product","link":"https:\/\/www.ksttukku.fi\/kauppa\/tuote\/park-ip44-harmaa\/","title":{"rendered":"Park sein\u00e4valaisin IP44 harmaa"},"content":{"rendered":"<p>Puistola-valaisinsarjan kanssa visuaalisesti yhteensopivat sein\u00e4valaisin ja pollari ulkotilojen valaisuun. Valoa sirottavat lamellit kuvun sis\u00e4ll\u00e4 ovat harjattua ter\u00e4st\u00e4.<\/p>\n<p>Valaisimen mitat: \u2205 100 mm, korkeus 300 mm<\/p>\n<p>Valonl\u00e4hde: E27 (ei sis\u00e4lly pakkaukseen)<\/p>\n<p>V\u00e4ri: harmaa<\/p>\n","protected":false},"excerpt":{"rendered":"<p>Puistola-valaisinsarjan kanssa visuaalisesti yhteensopivat sein\u00e4valaisin ja pollari ulkotilojen valaisuun. Valoa sirottavat lamellit kuvun sis\u00e4ll\u00e4 ovat harjattua ter\u00e4st\u00e4. Valaisimen mitat: \u2205 100 mm, korkeus 300 mm Valonl\u00e4hde: E27 (ei sis\u00e4lly pakkaukseen) V\u00e4ri: harmaa<\/p>\n","protected":false},"featured_media":506,"comment_status":"closed","ping_status":"closed","template":"","meta":[],"product_brand":[],"product_cat":[37,36],"product_tag":[],"class_list":{"0":"post-505","1":"product","2":"type-product","3":"status-publish","4":"has-post-thumbnail","6":"product_cat-seinavalaisimet","7":"product_cat-ulkovalaisimet","9":"first","10":"instock","11":"taxable","12":"shipping-taxable","13":"purchasable","14":"product-type-simple"},"_links":{"self":[{"href":"https:\/\/www.ksttukku.fi\/kauppa\/wp-json\/wp\/v2\/product\/505","targetHints":{"allow":["GET"]}}],"collection":[{"href":"https:\/\/www.ksttukku.fi\/kauppa\/wp-json\/wp\/v2\/product"}],"about":[{"href":"https:\/\/www.ksttukku.fi\/kauppa\/wp-json\/wp\/v2\/types\/product"}],"replies":[{"embeddable":true,"href":"https:\/\/www.ksttukku.fi\/kauppa\/wp-json\/wp\/v2\/comments?post=505"}],"wp:featuredmedia":[{"embeddable":true,"href":"https:\/\/www.ksttukku.fi\/kauppa\/wp-json\/wp\/v2\/media\/506"}],"wp:attachment":[{"href":"https:\/\/www.ksttukku.fi\/kauppa\/wp-json\/wp\/v2\/media?parent=505"}],"wp:term":[{"taxonomy":"product_brand","embeddable":true,"href":"https:\/\/www.ksttukku.fi\/kauppa\/wp-json\/wp\/v2\/product_brand?post=505"},{"taxonomy":"product_cat","embeddable":true,"href":"https:\/\/www.ksttukku.fi\/kauppa\/wp-json\/wp\/v2\/product_cat?post=505"},{"taxonomy":"product_tag","embeddable":true,"href":"https:\/\/www.ksttukku.fi\/kauppa\/wp-json\/wp\/v2\/product_tag?post=505"}],"curies":[{"name":"wp","href":"https:\/\/api.w.org\/{rel}","templated":true}]}}