{"id":5055,"date":"2020-01-22T13:18:48","date_gmt":"2020-01-22T11:18:48","guid":{"rendered":"https:\/\/www.ksttukku.fi\/kauppa\/?post_type=product&#038;p=5055"},"modified":"2020-03-30T01:00:15","modified_gmt":"2020-03-29T22:00:15","slug":"smart-ledlamppu-e27-9w-800lm-kaukosaatimella","status":"publish","type":"product","link":"https:\/\/www.ksttukku.fi\/kauppa\/tuote\/smart-ledlamppu-e27-9w-800lm-kaukosaatimella\/","title":{"rendered":"Smart ledlamppu E27 9W 800lm kaukos\u00e4\u00e4timell\u00e4"},"content":{"rendered":"<p>Kupu\/Kanta: A60\/E27<\/p>\n<p>Lumen: 800 lm<\/p>\n<p>Teho: 9W<\/p>\n<p>K\u00e4ytt\u00f6j\u00e4nnite: 220-240V<\/p>\n<p>Valonjakokulma: 200\u00b0<\/p>\n<p>V\u00e4ril\u00e4mp\u00f6tila: 2700K + RGB<\/p>\n<p>K\u00e4ytt\u00f6ik\u00e4: 25000h<\/p>\n<p>Mitat: \u00d8 60 x 114 mm<\/p>\n<p>Hyv\u00e4ksynn\u00e4t: CE, EMC, RoHs, ERP<\/p>\n<p>PF: &gt;0.5<\/p>\n<p>CRI: 80<\/p>\n<p>Luokka: A+<\/p>\n","protected":false},"excerpt":{"rendered":"<p>Kupu\/Kanta: A60\/E27 Lumen: 800 lm Teho: 9W K\u00e4ytt\u00f6j\u00e4nnite: 220-240V Valonjakokulma: 200\u00b0 V\u00e4ril\u00e4mp\u00f6tila: 2700K + RGB K\u00e4ytt\u00f6ik\u00e4: 25000h Mitat: \u00d8 60 x 114 mm Hyv\u00e4ksynn\u00e4t: CE, EMC, RoHs, ERP PF: &gt;0.5 CRI: 80 Luokka: A+<\/p>\n","protected":false},"featured_media":5056,"comment_status":"closed","ping_status":"closed","template":"","meta":[],"product_brand":[],"product_cat":[185,189,317],"product_tag":[],"class_list":{"0":"post-5055","1":"product","2":"type-product","3":"status-publish","4":"has-post-thumbnail","6":"product_cat-lamput","7":"product_cat-muut-ledlamput","8":"product_cat-alyvalaisimet-ja-lamput","10":"first","11":"instock","12":"taxable","13":"shipping-taxable","14":"purchasable","15":"product-type-simple"},"_links":{"self":[{"href":"https:\/\/www.ksttukku.fi\/kauppa\/wp-json\/wp\/v2\/product\/5055","targetHints":{"allow":["GET"]}}],"collection":[{"href":"https:\/\/www.ksttukku.fi\/kauppa\/wp-json\/wp\/v2\/product"}],"about":[{"href":"https:\/\/www.ksttukku.fi\/kauppa\/wp-json\/wp\/v2\/types\/product"}],"replies":[{"embeddable":true,"href":"https:\/\/www.ksttukku.fi\/kauppa\/wp-json\/wp\/v2\/comments?post=5055"}],"wp:featuredmedia":[{"embeddable":true,"href":"https:\/\/www.ksttukku.fi\/kauppa\/wp-json\/wp\/v2\/media\/5056"}],"wp:attachment":[{"href":"https:\/\/www.ksttukku.fi\/kauppa\/wp-json\/wp\/v2\/media?parent=5055"}],"wp:term":[{"taxonomy":"product_brand","embeddable":true,"href":"https:\/\/www.ksttukku.fi\/kauppa\/wp-json\/wp\/v2\/product_brand?post=5055"},{"taxonomy":"product_cat","embeddable":true,"href":"https:\/\/www.ksttukku.fi\/kauppa\/wp-json\/wp\/v2\/product_cat?post=5055"},{"taxonomy":"product_tag","embeddable":true,"href":"https:\/\/www.ksttukku.fi\/kauppa\/wp-json\/wp\/v2\/product_tag?post=5055"}],"curies":[{"name":"wp","href":"https:\/\/api.w.org\/{rel}","templated":true}]}}