{"id":5075,"date":"2020-01-28T15:17:33","date_gmt":"2020-01-28T13:17:33","guid":{"rendered":"https:\/\/www.ksttukku.fi\/kauppa\/?post_type=product&#038;p=5075"},"modified":"2023-07-15T13:24:32","modified_gmt":"2023-07-15T10:24:32","slug":"zero-smart-kattovalaisin-80w-4500lm","status":"publish","type":"product","link":"https:\/\/www.ksttukku.fi\/kauppa\/tuote\/zero-smart-kattovalaisin-80w-4500lm\/","title":{"rendered":"Zero smart kattovalaisin 80W 4500lm"},"content":{"rendered":"<p>Valon kirkkautta ja s\u00e4vy\u00e4 voidaan ohjata mukana tulevalla kaukos\u00e4\u00e4timell\u00e4 tai \u00e4lypuhelimella.<\/p>\n<p>\u201dSmart\u201d-toiminto joka mahdollistaa tuotteen s\u00e4\u00e4d\u00f6n puheohjauksella Alexa tai Google Home j\u00e4rjestelmill\u00e4.<\/p>\n<p>Teho: 80 W<\/p>\n<p>Valovirta: 4500 lm<\/p>\n<p>Valaisimen koko: \u2205 480 mm, korkeus 75 mm<\/p>\n<p>V\u00e4ril\u00e4mp\u00f6: 2700 \u2013 5000 K<\/p>\n","protected":false},"excerpt":{"rendered":"<p>Valon kirkkautta ja s\u00e4vy\u00e4 voidaan ohjata mukana tulevalla kaukos\u00e4\u00e4timell\u00e4 tai \u00e4lypuhelimella. \u201dSmart\u201d-toiminto joka mahdollistaa tuotteen s\u00e4\u00e4d\u00f6n puheohjauksella Alexa tai Google Home j\u00e4rjestelmill\u00e4. Teho: 80 W Valovirta: 4500 lm Valaisimen koko: \u2205 480 mm, korkeus 75 mm V\u00e4ril\u00e4mp\u00f6: 2700 \u2013 5000 K<\/p>\n","protected":false},"featured_media":5065,"comment_status":"closed","ping_status":"closed","template":"","meta":[],"product_brand":[],"product_cat":[40,35,34],"product_tag":[],"class_list":{"0":"post-5075","1":"product","2":"type-product","3":"status-publish","4":"has-post-thumbnail","6":"product_cat-kattovalaisimet","7":"product_cat-sisavalaisimet","8":"product_cat-valaisimet","10":"first","11":"instock","12":"taxable","13":"shipping-taxable","14":"purchasable","15":"product-type-simple"},"_links":{"self":[{"href":"https:\/\/www.ksttukku.fi\/kauppa\/wp-json\/wp\/v2\/product\/5075","targetHints":{"allow":["GET"]}}],"collection":[{"href":"https:\/\/www.ksttukku.fi\/kauppa\/wp-json\/wp\/v2\/product"}],"about":[{"href":"https:\/\/www.ksttukku.fi\/kauppa\/wp-json\/wp\/v2\/types\/product"}],"replies":[{"embeddable":true,"href":"https:\/\/www.ksttukku.fi\/kauppa\/wp-json\/wp\/v2\/comments?post=5075"}],"wp:featuredmedia":[{"embeddable":true,"href":"https:\/\/www.ksttukku.fi\/kauppa\/wp-json\/wp\/v2\/media\/5065"}],"wp:attachment":[{"href":"https:\/\/www.ksttukku.fi\/kauppa\/wp-json\/wp\/v2\/media?parent=5075"}],"wp:term":[{"taxonomy":"product_brand","embeddable":true,"href":"https:\/\/www.ksttukku.fi\/kauppa\/wp-json\/wp\/v2\/product_brand?post=5075"},{"taxonomy":"product_cat","embeddable":true,"href":"https:\/\/www.ksttukku.fi\/kauppa\/wp-json\/wp\/v2\/product_cat?post=5075"},{"taxonomy":"product_tag","embeddable":true,"href":"https:\/\/www.ksttukku.fi\/kauppa\/wp-json\/wp\/v2\/product_tag?post=5075"}],"curies":[{"name":"wp","href":"https:\/\/api.w.org\/{rel}","templated":true}]}}