{"id":5086,"date":"2020-01-29T12:28:04","date_gmt":"2020-01-29T10:28:04","guid":{"rendered":"https:\/\/www.ksttukku.fi\/kauppa\/?post_type=product&#038;p=5086"},"modified":"2020-01-29T15:37:02","modified_gmt":"2020-01-29T13:37:02","slug":"led-alasvalo-6w-390lm-dim-3cct","status":"publish","type":"product","link":"https:\/\/www.ksttukku.fi\/kauppa\/tuote\/led-alasvalo-6w-390lm-dim-3cct\/","title":{"rendered":"Led-alasvalo 6W 390lm dim 3CCT"},"content":{"rendered":"<p>LED paneelivalo 6W,3CCT+himmennett\u00e4v\u00e4<\/p>\n<p>J\u00e4nnite: 230V, 50Hz<\/p>\n<p>Valovirta: 390lm<\/p>\n<p>CRI: &gt;80<\/p>\n<p>Koko: \u00d8 120 mm x 29 mm<\/p>\n<p>Upotusaukko: \u00d8 105 mm<\/p>\n<p>Valonjakokulma 120\u00b0<\/p>\n<p>K\u00e4ytt\u00f6ik\u00e4 25 000 h<\/p>\n<p>2 vuoden takuu<\/p>\n<p>Materiaali: Alumiini+muovi PC<\/p>\n","protected":false},"excerpt":{"rendered":"<p>3 v\u00e4ril\u00e4mp\u00f6tilaa 3000\/4000\/6500K. Asetetaan dip-kytkimest\u00e4.<\/p>\n","protected":false},"featured_media":5088,"comment_status":"closed","ping_status":"closed","template":"","meta":[],"product_brand":[],"product_cat":[46,35,52,34],"product_tag":[],"class_list":{"0":"post-5086","1":"product","2":"type-product","3":"status-publish","4":"has-post-thumbnail","6":"product_cat-alasvalot","7":"product_cat-sisavalaisimet","8":"product_cat-upotettavat","9":"product_cat-valaisimet","11":"first","12":"instock","13":"taxable","14":"shipping-taxable","15":"purchasable","16":"product-type-simple"},"_links":{"self":[{"href":"https:\/\/www.ksttukku.fi\/kauppa\/wp-json\/wp\/v2\/product\/5086","targetHints":{"allow":["GET"]}}],"collection":[{"href":"https:\/\/www.ksttukku.fi\/kauppa\/wp-json\/wp\/v2\/product"}],"about":[{"href":"https:\/\/www.ksttukku.fi\/kauppa\/wp-json\/wp\/v2\/types\/product"}],"replies":[{"embeddable":true,"href":"https:\/\/www.ksttukku.fi\/kauppa\/wp-json\/wp\/v2\/comments?post=5086"}],"wp:featuredmedia":[{"embeddable":true,"href":"https:\/\/www.ksttukku.fi\/kauppa\/wp-json\/wp\/v2\/media\/5088"}],"wp:attachment":[{"href":"https:\/\/www.ksttukku.fi\/kauppa\/wp-json\/wp\/v2\/media?parent=5086"}],"wp:term":[{"taxonomy":"product_brand","embeddable":true,"href":"https:\/\/www.ksttukku.fi\/kauppa\/wp-json\/wp\/v2\/product_brand?post=5086"},{"taxonomy":"product_cat","embeddable":true,"href":"https:\/\/www.ksttukku.fi\/kauppa\/wp-json\/wp\/v2\/product_cat?post=5086"},{"taxonomy":"product_tag","embeddable":true,"href":"https:\/\/www.ksttukku.fi\/kauppa\/wp-json\/wp\/v2\/product_tag?post=5086"}],"curies":[{"name":"wp","href":"https:\/\/api.w.org\/{rel}","templated":true}]}}