{"id":509,"date":"2018-02-14T18:17:39","date_gmt":"2018-02-14T16:17:39","guid":{"rendered":"http:\/\/www.ksttukku.fi\/kauppa\/?post_type=product&#038;p=509"},"modified":"2018-02-14T18:17:39","modified_gmt":"2018-02-14T16:17:39","slug":"crystal-led-kattovalaisin-18w-1710lm","status":"publish","type":"product","link":"https:\/\/www.ksttukku.fi\/kauppa\/tuote\/crystal-led-kattovalaisin-18w-1710lm\/","title":{"rendered":"Crystal led-kattovalaisin 18W 1710lm"},"content":{"rendered":"<p>Teho: 18 W<\/p>\n<p>Valovirta: 1710 lm<\/p>\n<p>Valaisimen koko: 300 x 300 mm, korkeus 72 mm<\/p>\n<p>V\u00e4ril\u00e4mp\u00f6: 4000 K<\/p>\n<p>V\u00e4ri: kromi, lasi, kristalli<\/p>\n","protected":false},"excerpt":{"rendered":"<p>Teho: 18 W Valovirta: 1710 lm Valaisimen koko: 300 x 300 mm, korkeus 72 mm V\u00e4ril\u00e4mp\u00f6: 4000 K V\u00e4ri: kromi, lasi, kristalli<\/p>\n","protected":false},"featured_media":510,"comment_status":"closed","ping_status":"closed","template":"","meta":[],"product_brand":[],"product_cat":[40,35,34],"product_tag":[],"class_list":{"0":"post-509","1":"product","2":"type-product","3":"status-publish","4":"has-post-thumbnail","6":"product_cat-kattovalaisimet","7":"product_cat-sisavalaisimet","8":"product_cat-valaisimet","10":"first","11":"instock","12":"taxable","13":"shipping-taxable","14":"purchasable","15":"product-type-simple"},"_links":{"self":[{"href":"https:\/\/www.ksttukku.fi\/kauppa\/wp-json\/wp\/v2\/product\/509","targetHints":{"allow":["GET"]}}],"collection":[{"href":"https:\/\/www.ksttukku.fi\/kauppa\/wp-json\/wp\/v2\/product"}],"about":[{"href":"https:\/\/www.ksttukku.fi\/kauppa\/wp-json\/wp\/v2\/types\/product"}],"replies":[{"embeddable":true,"href":"https:\/\/www.ksttukku.fi\/kauppa\/wp-json\/wp\/v2\/comments?post=509"}],"wp:featuredmedia":[{"embeddable":true,"href":"https:\/\/www.ksttukku.fi\/kauppa\/wp-json\/wp\/v2\/media\/510"}],"wp:attachment":[{"href":"https:\/\/www.ksttukku.fi\/kauppa\/wp-json\/wp\/v2\/media?parent=509"}],"wp:term":[{"taxonomy":"product_brand","embeddable":true,"href":"https:\/\/www.ksttukku.fi\/kauppa\/wp-json\/wp\/v2\/product_brand?post=509"},{"taxonomy":"product_cat","embeddable":true,"href":"https:\/\/www.ksttukku.fi\/kauppa\/wp-json\/wp\/v2\/product_cat?post=509"},{"taxonomy":"product_tag","embeddable":true,"href":"https:\/\/www.ksttukku.fi\/kauppa\/wp-json\/wp\/v2\/product_tag?post=509"}],"curies":[{"name":"wp","href":"https:\/\/api.w.org\/{rel}","templated":true}]}}