{"id":5129,"date":"2020-02-05T12:43:56","date_gmt":"2020-02-05T10:43:56","guid":{"rendered":"https:\/\/www.ksttukku.fi\/kauppa\/?post_type=product&#038;p=5129"},"modified":"2023-08-03T13:56:23","modified_gmt":"2023-08-03T10:56:23","slug":"himmennettava-led-alasvalo-12w-900lm-3cct","status":"publish","type":"product","link":"https:\/\/www.ksttukku.fi\/kauppa\/tuote\/himmennettava-led-alasvalo-12w-900lm-3cct\/","title":{"rendered":"Himmennett\u00e4v\u00e4 led-alasvalo 12W 900lm 3CCT"},"content":{"rendered":"<p>LED paneelivalo 12W, 3CCT+himmennett\u00e4v\u00e4<\/p>\n<p>J\u00e4nnite: 230V, 50Hz<\/p>\n<p>Valovirta: 900 lm<\/p>\n<p>CRI: &gt;80<\/p>\n<p>Koko: \u00d8 172 mm x 35 mm<\/p>\n<p>Valonjakokulma 120\u00b0<\/p>\n<p>K\u00e4ytt\u00f6ik\u00e4 25 000 h<\/p>\n<p>2 vuoden takuu<\/p>\n<p>Materiaali: runko muovi PC\/kiinnitysrauta metalli<\/p>\n","protected":false},"excerpt":{"rendered":"<p>V\u00e4ril\u00e4mp\u00f6tilat 3000\/4000\/6500K. Vaihdetaan dip-kytkimest\u00e4.<\/p>\n","protected":false},"featured_media":5127,"comment_status":"closed","ping_status":"closed","template":"","meta":[],"product_brand":[],"product_cat":[46,51,35,34],"product_tag":[],"class_list":{"0":"post-5129","1":"product","2":"type-product","3":"status-publish","4":"has-post-thumbnail","6":"product_cat-alasvalot","7":"product_cat-pinta-asennettavat","8":"product_cat-sisavalaisimet","9":"product_cat-valaisimet","11":"first","12":"instock","13":"taxable","14":"shipping-taxable","15":"purchasable","16":"product-type-simple"},"_links":{"self":[{"href":"https:\/\/www.ksttukku.fi\/kauppa\/wp-json\/wp\/v2\/product\/5129","targetHints":{"allow":["GET"]}}],"collection":[{"href":"https:\/\/www.ksttukku.fi\/kauppa\/wp-json\/wp\/v2\/product"}],"about":[{"href":"https:\/\/www.ksttukku.fi\/kauppa\/wp-json\/wp\/v2\/types\/product"}],"replies":[{"embeddable":true,"href":"https:\/\/www.ksttukku.fi\/kauppa\/wp-json\/wp\/v2\/comments?post=5129"}],"wp:featuredmedia":[{"embeddable":true,"href":"https:\/\/www.ksttukku.fi\/kauppa\/wp-json\/wp\/v2\/media\/5127"}],"wp:attachment":[{"href":"https:\/\/www.ksttukku.fi\/kauppa\/wp-json\/wp\/v2\/media?parent=5129"}],"wp:term":[{"taxonomy":"product_brand","embeddable":true,"href":"https:\/\/www.ksttukku.fi\/kauppa\/wp-json\/wp\/v2\/product_brand?post=5129"},{"taxonomy":"product_cat","embeddable":true,"href":"https:\/\/www.ksttukku.fi\/kauppa\/wp-json\/wp\/v2\/product_cat?post=5129"},{"taxonomy":"product_tag","embeddable":true,"href":"https:\/\/www.ksttukku.fi\/kauppa\/wp-json\/wp\/v2\/product_tag?post=5129"}],"curies":[{"name":"wp","href":"https:\/\/api.w.org\/{rel}","templated":true}]}}