{"id":5179,"date":"2020-02-11T13:56:15","date_gmt":"2020-02-11T11:56:15","guid":{"rendered":"https:\/\/www.ksttukku.fi\/kauppa\/?post_type=product&#038;p=5179"},"modified":"2023-08-03T14:03:10","modified_gmt":"2023-08-03T11:03:10","slug":"paneelivalaisin-clip-on-dim-6w-400lm","status":"publish","type":"product","link":"https:\/\/www.ksttukku.fi\/kauppa\/tuote\/paneelivalaisin-clip-on-dim-6w-400lm\/","title":{"rendered":"Paneelivalaisin clip-on dim 6W 400lm"},"content":{"rendered":"<p>K\u00e4ytt\u00f6j\u00e4nnite: 230 V, 50 Hz<\/p>\n<p>Teho: 6 W<\/p>\n<p>Valovirta: 400 lm<\/p>\n<p>V\u00e4ril\u00e4mp\u00f6tila, CCT: 3 000 K, l\u00e4mmin vakoinen<\/p>\n<p>Ra\/CRI: &gt; 80<\/p>\n<p>Elinik\u00e4: 35 000 h<\/p>\n<p>Valonjakokulma: 120\u00b0<\/p>\n<p>Materiaali: PC-\/PS-muovi\/ kiinnitysrauta metalli<\/p>\n<p>V\u00e4ri: Valkoinen, valopinta opaali<\/p>\n<p>Mitat: \u00d8 126 mm x 17.8 mm, valopinta \u00d8 82 mm<\/p>\n<p>Asennus: Pinta-asennus tai puoliuppo \u00d8 55\u2013100 mm aukkoon<\/p>\n<p>Kotelointiluokka: IP20\/IP43 (IP43 kattoasennuksessa)<\/p>\n<p>&nbsp;<\/p>\n","protected":false},"excerpt":{"rendered":"<p>K\u00e4ytt\u00f6j\u00e4nnite: 230 V, 50 Hz Teho: 6 W Valovirta: 400 lm V\u00e4ril\u00e4mp\u00f6tila, CCT: 3 000 K, l\u00e4mmin vakoinen Ra\/CRI: &gt; 80 Elinik\u00e4: 35 000 h Valonjakokulma: 120\u00b0 Materiaali: PC-\/PS-muovi\/ kiinnitysrauta metalli V\u00e4ri: Valkoinen, valopinta opaali Mitat: \u00d8 126 mm x 17.8 mm, valopinta \u00d8 82 mm Asennus: Pinta-asennus tai puoliuppo \u00d8 55\u2013100 mm aukkoon Kotelointiluokka: [&hellip;]<\/p>\n","protected":false},"featured_media":5180,"comment_status":"closed","ping_status":"closed","template":"","meta":[],"product_brand":[],"product_cat":[46,51,35,52,34],"product_tag":[],"class_list":{"0":"post-5179","1":"product","2":"type-product","3":"status-publish","4":"has-post-thumbnail","6":"product_cat-alasvalot","7":"product_cat-pinta-asennettavat","8":"product_cat-sisavalaisimet","9":"product_cat-upotettavat","10":"product_cat-valaisimet","12":"first","13":"instock","14":"taxable","15":"shipping-taxable","16":"purchasable","17":"product-type-simple"},"_links":{"self":[{"href":"https:\/\/www.ksttukku.fi\/kauppa\/wp-json\/wp\/v2\/product\/5179","targetHints":{"allow":["GET"]}}],"collection":[{"href":"https:\/\/www.ksttukku.fi\/kauppa\/wp-json\/wp\/v2\/product"}],"about":[{"href":"https:\/\/www.ksttukku.fi\/kauppa\/wp-json\/wp\/v2\/types\/product"}],"replies":[{"embeddable":true,"href":"https:\/\/www.ksttukku.fi\/kauppa\/wp-json\/wp\/v2\/comments?post=5179"}],"wp:featuredmedia":[{"embeddable":true,"href":"https:\/\/www.ksttukku.fi\/kauppa\/wp-json\/wp\/v2\/media\/5180"}],"wp:attachment":[{"href":"https:\/\/www.ksttukku.fi\/kauppa\/wp-json\/wp\/v2\/media?parent=5179"}],"wp:term":[{"taxonomy":"product_brand","embeddable":true,"href":"https:\/\/www.ksttukku.fi\/kauppa\/wp-json\/wp\/v2\/product_brand?post=5179"},{"taxonomy":"product_cat","embeddable":true,"href":"https:\/\/www.ksttukku.fi\/kauppa\/wp-json\/wp\/v2\/product_cat?post=5179"},{"taxonomy":"product_tag","embeddable":true,"href":"https:\/\/www.ksttukku.fi\/kauppa\/wp-json\/wp\/v2\/product_tag?post=5179"}],"curies":[{"name":"wp","href":"https:\/\/api.w.org\/{rel}","templated":true}]}}