{"id":5214,"date":"2020-02-13T17:22:07","date_gmt":"2020-02-13T15:22:07","guid":{"rendered":"https:\/\/www.ksttukku.fi\/kauppa\/?post_type=product&#038;p=5214"},"modified":"2023-08-03T14:16:06","modified_gmt":"2023-08-03T11:16:06","slug":"paneelivalaisin-clip-on-dim-24w-1800lm","status":"publish","type":"product","link":"https:\/\/www.ksttukku.fi\/kauppa\/tuote\/paneelivalaisin-clip-on-dim-24w-1800lm\/","title":{"rendered":"Paneelivalaisin clip-on dim 24W 1800lm"},"content":{"rendered":"<p>K\u00e4ytt\u00f6j\u00e4nnite: 230 V, 50 Hz<\/p>\n<p>Teho: 24 W<\/p>\n<p>Valovirta: 1800 lm<\/p>\n<p>V\u00e4ril\u00e4mp\u00f6tila, CCT: 3 000 K, l\u00e4mmin vakoinen<\/p>\n<p>Ra\/CRI: &gt; 80<\/p>\n<p>Elinik\u00e4: 35 000 h<\/p>\n<p>Valonjakokulma: 120\u00b0<\/p>\n<p>Materiaali: PC-\/PS-muovi\/kiinnitysrauta metalli<\/p>\n<p>V\u00e4ri: Valkoinen, valopinta opaali<\/p>\n<p>Mitat: \u00d8 296 mm x 17.8 mm, valopinta \u00d8 240 mm<\/p>\n<p>Asennus: Pinta-asennus tai puoliuppo \u00d8 55\u2013250 mm aukkoon<\/p>\n<p>Kotelointiluokka: IP20\/IP43 (IP43 kattoasennuksessa)<\/p>\n<p>&nbsp;<\/p>\n","protected":false},"excerpt":{"rendered":"<p>K\u00e4ytt\u00f6j\u00e4nnite: 230 V, 50 Hz Teho: 24 W Valovirta: 1800 lm V\u00e4ril\u00e4mp\u00f6tila, CCT: 3 000 K, l\u00e4mmin vakoinen Ra\/CRI: &gt; 80 Elinik\u00e4: 35 000 h Valonjakokulma: 120\u00b0 Materiaali: PC-\/PS-muovi\/kiinnitysrauta metalli V\u00e4ri: Valkoinen, valopinta opaali Mitat: \u00d8 296 mm x 17.8 mm, valopinta \u00d8 240 mm Asennus: Pinta-asennus tai puoliuppo \u00d8 55\u2013250 mm aukkoon Kotelointiluokka: IP20\/IP43 [&hellip;]<\/p>\n","protected":false},"featured_media":5180,"comment_status":"closed","ping_status":"closed","template":"","meta":[],"product_brand":[],"product_cat":[46,51,35,52,34],"product_tag":[],"class_list":{"0":"post-5214","1":"product","2":"type-product","3":"status-publish","4":"has-post-thumbnail","6":"product_cat-alasvalot","7":"product_cat-pinta-asennettavat","8":"product_cat-sisavalaisimet","9":"product_cat-upotettavat","10":"product_cat-valaisimet","12":"first","13":"instock","14":"taxable","15":"shipping-taxable","16":"purchasable","17":"product-type-simple"},"_links":{"self":[{"href":"https:\/\/www.ksttukku.fi\/kauppa\/wp-json\/wp\/v2\/product\/5214","targetHints":{"allow":["GET"]}}],"collection":[{"href":"https:\/\/www.ksttukku.fi\/kauppa\/wp-json\/wp\/v2\/product"}],"about":[{"href":"https:\/\/www.ksttukku.fi\/kauppa\/wp-json\/wp\/v2\/types\/product"}],"replies":[{"embeddable":true,"href":"https:\/\/www.ksttukku.fi\/kauppa\/wp-json\/wp\/v2\/comments?post=5214"}],"wp:featuredmedia":[{"embeddable":true,"href":"https:\/\/www.ksttukku.fi\/kauppa\/wp-json\/wp\/v2\/media\/5180"}],"wp:attachment":[{"href":"https:\/\/www.ksttukku.fi\/kauppa\/wp-json\/wp\/v2\/media?parent=5214"}],"wp:term":[{"taxonomy":"product_brand","embeddable":true,"href":"https:\/\/www.ksttukku.fi\/kauppa\/wp-json\/wp\/v2\/product_brand?post=5214"},{"taxonomy":"product_cat","embeddable":true,"href":"https:\/\/www.ksttukku.fi\/kauppa\/wp-json\/wp\/v2\/product_cat?post=5214"},{"taxonomy":"product_tag","embeddable":true,"href":"https:\/\/www.ksttukku.fi\/kauppa\/wp-json\/wp\/v2\/product_tag?post=5214"}],"curies":[{"name":"wp","href":"https:\/\/api.w.org\/{rel}","templated":true}]}}