{"id":5218,"date":"2020-02-19T15:36:48","date_gmt":"2020-02-19T13:36:48","guid":{"rendered":"https:\/\/www.ksttukku.fi\/kauppa\/?post_type=product&#038;p=5218"},"modified":"2020-03-30T01:00:15","modified_gmt":"2020-03-29T22:00:15","slug":"led-valonauhasarja-rgb-3m","status":"publish","type":"product","link":"https:\/\/www.ksttukku.fi\/kauppa\/tuote\/led-valonauhasarja-rgb-3m\/","title":{"rendered":"Led valonauhasarja RGB 3m"},"content":{"rendered":"<p>Tunnelma-, joulu-, juhlavalaistukseen. Sis\u00e4lt\u00e4\u00e4 langattoman kauko-ohjaimen, mill\u00e4 voit s\u00e4\u00e4t\u00e4\u00e4 valon kirkkautta, valon v\u00e4ri\u00e4 sek\u00e4 valita viidest\u00e4 valaistus muodosta flash, strobe, fade, smooth ja normaali.<\/p>\n<p>TEKNISET TIEDOT<br \/>\nJ\u00e4nnite: 220-240 V, 50Hz<br \/>\nUlostulo: 12 V<br \/>\nTeho: 18 W<br \/>\nMuuntaja: 24 W, 12 V<br \/>\nSuojausluokka LED-nauhalle: IP44<br \/>\nSuojausluokka LED-muuntajalle: IP20<\/p>\n","protected":false},"excerpt":{"rendered":"<p>Tunnelma-, joulu-, juhlavalaistukseen. Sis\u00e4lt\u00e4\u00e4 langattoman kauko-ohjaimen, mill\u00e4 voit s\u00e4\u00e4t\u00e4\u00e4 valon kirkkautta, valon v\u00e4ri\u00e4 sek\u00e4 valita viidest\u00e4 valaistus muodosta flash, strobe, fade, smooth ja normaali. TEKNISET TIEDOT J\u00e4nnite: 220-240 V, 50Hz Ulostulo: 12 V Teho: 18 W Muuntaja: 24 W, 12 V Suojausluokka LED-nauhalle: IP44 Suojausluokka LED-muuntajalle: IP20<\/p>\n","protected":false},"featured_media":5219,"comment_status":"closed","ping_status":"closed","template":"","meta":[],"product_brand":[],"product_cat":[45],"product_tag":[],"class_list":{"0":"post-5218","1":"product","2":"type-product","3":"status-publish","4":"has-post-thumbnail","6":"product_cat-valonauhat","8":"first","9":"instock","10":"taxable","11":"shipping-taxable","12":"purchasable","13":"product-type-simple"},"_links":{"self":[{"href":"https:\/\/www.ksttukku.fi\/kauppa\/wp-json\/wp\/v2\/product\/5218","targetHints":{"allow":["GET"]}}],"collection":[{"href":"https:\/\/www.ksttukku.fi\/kauppa\/wp-json\/wp\/v2\/product"}],"about":[{"href":"https:\/\/www.ksttukku.fi\/kauppa\/wp-json\/wp\/v2\/types\/product"}],"replies":[{"embeddable":true,"href":"https:\/\/www.ksttukku.fi\/kauppa\/wp-json\/wp\/v2\/comments?post=5218"}],"wp:featuredmedia":[{"embeddable":true,"href":"https:\/\/www.ksttukku.fi\/kauppa\/wp-json\/wp\/v2\/media\/5219"}],"wp:attachment":[{"href":"https:\/\/www.ksttukku.fi\/kauppa\/wp-json\/wp\/v2\/media?parent=5218"}],"wp:term":[{"taxonomy":"product_brand","embeddable":true,"href":"https:\/\/www.ksttukku.fi\/kauppa\/wp-json\/wp\/v2\/product_brand?post=5218"},{"taxonomy":"product_cat","embeddable":true,"href":"https:\/\/www.ksttukku.fi\/kauppa\/wp-json\/wp\/v2\/product_cat?post=5218"},{"taxonomy":"product_tag","embeddable":true,"href":"https:\/\/www.ksttukku.fi\/kauppa\/wp-json\/wp\/v2\/product_tag?post=5218"}],"curies":[{"name":"wp","href":"https:\/\/api.w.org\/{rel}","templated":true}]}}