{"id":5228,"date":"2020-02-19T17:32:03","date_gmt":"2020-02-19T15:32:03","guid":{"rendered":"https:\/\/www.ksttukku.fi\/kauppa\/?post_type=product&#038;p=5228"},"modified":"2021-11-22T16:56:14","modified_gmt":"2021-11-22T14:56:14","slug":"led-liiketunnistinvalo-2-kpl","status":"publish","type":"product","link":"https:\/\/www.ksttukku.fi\/kauppa\/tuote\/led-liiketunnistinvalo-2-kpl\/","title":{"rendered":"Led liiketunnistinvalo 2 kpl"},"content":{"rendered":"<p>Todella monik\u00e4ytt\u00f6inen SMD led-valaisin liiketunnistimella kodin sis\u00e4tiloihin, jotka tarvitsevat lis\u00e4valoa. Valaisin tunnistaa liikkeen 3 metrin et\u00e4isyydelt\u00e4 ja on p\u00e4\u00e4ll\u00e4 30 sekuntia. Valoteho 80 lumenia. Pakkauksessa mukana kaksipuolinen<br \/>\nkiinnitysteippi. Toimii 3 x AAA paristolla (ei pakkauksessa).<br \/>\nValaisin on tarkoitettu sis\u00e4k\u00e4ytt\u00f6\u00f6n.<\/p>\n<p>TEKNISET TIEDOT<br \/>\nTeho: 0,5 W.<br \/>\nValaistusteho: 80 lumenia.<br \/>\nTunnistusalue: 3 m.<br \/>\nParistot: 3 x AAA (ei mukana pakkauksessa).<br \/>\nSuojausluokka: IP20.<\/p>\n","protected":false},"excerpt":{"rendered":"<p>Pakkauksessa 2 kpl valaisimia<\/p>\n<p>Tilap\u00e4isesti loppu<\/p>\n","protected":false},"featured_media":5230,"comment_status":"closed","ping_status":"closed","template":"","meta":[],"product_brand":[],"product_cat":[326,309,34],"product_tag":[],"class_list":{"0":"post-5228","1":"product","2":"type-product","3":"status-publish","4":"has-post-thumbnail","6":"product_cat-liiketunnistinvalot","7":"product_cat-paristovalaisimet","8":"product_cat-valaisimet","10":"first","11":"outofstock","12":"taxable","13":"shipping-taxable","14":"purchasable","15":"product-type-simple"},"_links":{"self":[{"href":"https:\/\/www.ksttukku.fi\/kauppa\/wp-json\/wp\/v2\/product\/5228","targetHints":{"allow":["GET"]}}],"collection":[{"href":"https:\/\/www.ksttukku.fi\/kauppa\/wp-json\/wp\/v2\/product"}],"about":[{"href":"https:\/\/www.ksttukku.fi\/kauppa\/wp-json\/wp\/v2\/types\/product"}],"replies":[{"embeddable":true,"href":"https:\/\/www.ksttukku.fi\/kauppa\/wp-json\/wp\/v2\/comments?post=5228"}],"wp:featuredmedia":[{"embeddable":true,"href":"https:\/\/www.ksttukku.fi\/kauppa\/wp-json\/wp\/v2\/media\/5230"}],"wp:attachment":[{"href":"https:\/\/www.ksttukku.fi\/kauppa\/wp-json\/wp\/v2\/media?parent=5228"}],"wp:term":[{"taxonomy":"product_brand","embeddable":true,"href":"https:\/\/www.ksttukku.fi\/kauppa\/wp-json\/wp\/v2\/product_brand?post=5228"},{"taxonomy":"product_cat","embeddable":true,"href":"https:\/\/www.ksttukku.fi\/kauppa\/wp-json\/wp\/v2\/product_cat?post=5228"},{"taxonomy":"product_tag","embeddable":true,"href":"https:\/\/www.ksttukku.fi\/kauppa\/wp-json\/wp\/v2\/product_tag?post=5228"}],"curies":[{"name":"wp","href":"https:\/\/api.w.org\/{rel}","templated":true}]}}