{"id":5262,"date":"2020-02-27T16:05:06","date_gmt":"2020-02-27T14:05:06","guid":{"rendered":"https:\/\/www.ksttukku.fi\/kauppa\/?post_type=product&#038;p=5262"},"modified":"2024-02-03T13:42:38","modified_gmt":"2024-02-03T11:42:38","slug":"paneelivalaisin-19w-1520lm-295x295mm-himmennettava","status":"publish","type":"product","link":"https:\/\/www.ksttukku.fi\/kauppa\/tuote\/paneelivalaisin-19w-1520lm-295x295mm-himmennettava\/","title":{"rendered":"Paneelivalaisin 18 W 1440 lm, 295x295mm, himmennett\u00e4v\u00e4"},"content":{"rendered":"<p>Moduulikattoon, uppoasennukseen, kattolistan varaan tai ripustusasennukseen. LED-paneelivalolla luot tyylikk\u00e4\u00e4n valaistuksen, 4000K v\u00e4ril\u00e4mp\u00f6tila takaa raikkaan valkoisen valaistuksen. Eritt\u00e4in ohuen muotoilunsa ansiosta valaisin sopii erinomaisesti kodin valaistukseen, toimistoihin ja julkisiin tiloihin. Todella pieni energiankulutus ja syttyy heti t\u00e4yteen valaisutehoon. Himmennett\u00e4v\u00e4<\/p>\n<p>J\u00e4nnite: 230V\/50Hz<\/p>\n<p>V\u00e4ril\u00e4mp\u00f6tila: 4000 K<\/p>\n<p>Valovirta: 1520 lm \/ 1800 lm<\/p>\n<p>IP-luokitus: IP20\/<\/p>\n<p>Mitat: Kehys 295 x 295 mm, valopinta 247 x 247 mm, korkeus 12 mm<\/p>\n<p>Valonjakokulma: 120\u00b0<\/p>\n<p>k\u00e4ytt\u00f6ik\u00e4 30000h, syttymiskertoja yli 100 000<\/p>\n<p>2 vuoden takuu<\/p>\n","protected":false},"excerpt":{"rendered":"<p>Moduulikattoon, uppoasennukseen, kattolistan varaan tai ripustusasennukseen. LED-paneelivalolla luot tyylikk\u00e4\u00e4n valaistuksen, 4000K v\u00e4ril\u00e4mp\u00f6tila takaa raikkaan valkoisen valaistuksen. Eritt\u00e4in ohuen muotoilunsa ansiosta valaisin sopii erinomaisesti kodin valaistukseen, toimistoihin ja julkisiin tiloihin. Todella pieni energiankulutus ja syttyy heti t\u00e4yteen valaisutehoon. Himmennett\u00e4v\u00e4 J\u00e4nnite: 230V\/50Hz V\u00e4ril\u00e4mp\u00f6tila: 4000 K Valovirta: 1520 lm \/ 1800 lm IP-luokitus: IP20\/ Mitat: Kehys 295 x [&hellip;]<\/p>\n","protected":false},"featured_media":5263,"comment_status":"closed","ping_status":"closed","template":"","meta":[],"product_brand":[],"product_cat":[183,35,34],"product_tag":[],"class_list":{"0":"post-5262","1":"product","2":"type-product","3":"status-publish","4":"has-post-thumbnail","6":"product_cat-led-paneelivalaisimet","7":"product_cat-sisavalaisimet","8":"product_cat-valaisimet","10":"first","11":"instock","12":"taxable","13":"shipping-taxable","14":"purchasable","15":"product-type-simple"},"_links":{"self":[{"href":"https:\/\/www.ksttukku.fi\/kauppa\/wp-json\/wp\/v2\/product\/5262","targetHints":{"allow":["GET"]}}],"collection":[{"href":"https:\/\/www.ksttukku.fi\/kauppa\/wp-json\/wp\/v2\/product"}],"about":[{"href":"https:\/\/www.ksttukku.fi\/kauppa\/wp-json\/wp\/v2\/types\/product"}],"replies":[{"embeddable":true,"href":"https:\/\/www.ksttukku.fi\/kauppa\/wp-json\/wp\/v2\/comments?post=5262"}],"wp:featuredmedia":[{"embeddable":true,"href":"https:\/\/www.ksttukku.fi\/kauppa\/wp-json\/wp\/v2\/media\/5263"}],"wp:attachment":[{"href":"https:\/\/www.ksttukku.fi\/kauppa\/wp-json\/wp\/v2\/media?parent=5262"}],"wp:term":[{"taxonomy":"product_brand","embeddable":true,"href":"https:\/\/www.ksttukku.fi\/kauppa\/wp-json\/wp\/v2\/product_brand?post=5262"},{"taxonomy":"product_cat","embeddable":true,"href":"https:\/\/www.ksttukku.fi\/kauppa\/wp-json\/wp\/v2\/product_cat?post=5262"},{"taxonomy":"product_tag","embeddable":true,"href":"https:\/\/www.ksttukku.fi\/kauppa\/wp-json\/wp\/v2\/product_tag?post=5262"}],"curies":[{"name":"wp","href":"https:\/\/api.w.org\/{rel}","templated":true}]}}