{"id":5289,"date":"2020-03-02T15:45:12","date_gmt":"2020-03-02T13:45:12","guid":{"rendered":"https:\/\/www.ksttukku.fi\/kauppa\/?post_type=product&#038;p=5289"},"modified":"2022-04-12T15:24:52","modified_gmt":"2022-04-12T12:24:52","slug":"led-paneelivalaisin-38w-4100lm-4000k-2","status":"publish","type":"product","link":"https:\/\/www.ksttukku.fi\/kauppa\/tuote\/led-paneelivalaisin-38w-4100lm-4000k-2\/","title":{"rendered":"Led-paneelivalaisin 38W 4100lm 4000K"},"content":{"rendered":"<p>Tyylik\u00e4s ja tasaisesti valaiseva paneelivalaisin kaikkiin kodin kuiviin tiloihin<\/p>\n<p>Teho: 38W<\/p>\n<p>Valovirta: 4100 lm<\/p>\n<p>J\u00e4nnite: 230V\/50Hz<\/p>\n<p>IP-luokitus: IP20<\/p>\n<p>V\u00e4ril\u00e4mp\u00f6tila: 4000 K, puhdas valkoinen<\/p>\n<p>Mitat: 295 x 1195 x 60 mm<\/p>\n","protected":false},"excerpt":{"rendered":"<p>Tyylik\u00e4s ja tasaisesti valaiseva paneelivalaisin kaikkiin kodin kuiviin tiloihin Teho: 38W Valovirta: 4100 lm J\u00e4nnite: 230V\/50Hz IP-luokitus: IP20 V\u00e4ril\u00e4mp\u00f6tila: 4000 K, puhdas valkoinen Mitat: 295 x 1195 x 60 mm<\/p>\n","protected":false},"featured_media":5290,"comment_status":"closed","ping_status":"closed","template":"","meta":[],"product_brand":[],"product_cat":[183,35,34],"product_tag":[],"class_list":{"0":"post-5289","1":"product","2":"type-product","3":"status-publish","4":"has-post-thumbnail","6":"product_cat-led-paneelivalaisimet","7":"product_cat-sisavalaisimet","8":"product_cat-valaisimet","10":"first","11":"instock","12":"taxable","13":"shipping-taxable","14":"purchasable","15":"product-type-simple"},"_links":{"self":[{"href":"https:\/\/www.ksttukku.fi\/kauppa\/wp-json\/wp\/v2\/product\/5289","targetHints":{"allow":["GET"]}}],"collection":[{"href":"https:\/\/www.ksttukku.fi\/kauppa\/wp-json\/wp\/v2\/product"}],"about":[{"href":"https:\/\/www.ksttukku.fi\/kauppa\/wp-json\/wp\/v2\/types\/product"}],"replies":[{"embeddable":true,"href":"https:\/\/www.ksttukku.fi\/kauppa\/wp-json\/wp\/v2\/comments?post=5289"}],"wp:featuredmedia":[{"embeddable":true,"href":"https:\/\/www.ksttukku.fi\/kauppa\/wp-json\/wp\/v2\/media\/5290"}],"wp:attachment":[{"href":"https:\/\/www.ksttukku.fi\/kauppa\/wp-json\/wp\/v2\/media?parent=5289"}],"wp:term":[{"taxonomy":"product_brand","embeddable":true,"href":"https:\/\/www.ksttukku.fi\/kauppa\/wp-json\/wp\/v2\/product_brand?post=5289"},{"taxonomy":"product_cat","embeddable":true,"href":"https:\/\/www.ksttukku.fi\/kauppa\/wp-json\/wp\/v2\/product_cat?post=5289"},{"taxonomy":"product_tag","embeddable":true,"href":"https:\/\/www.ksttukku.fi\/kauppa\/wp-json\/wp\/v2\/product_tag?post=5289"}],"curies":[{"name":"wp","href":"https:\/\/api.w.org\/{rel}","templated":true}]}}