{"id":5293,"date":"2020-03-02T16:46:15","date_gmt":"2020-03-02T14:46:15","guid":{"rendered":"https:\/\/www.ksttukku.fi\/kauppa\/?post_type=product&#038;p=5293"},"modified":"2023-02-24T15:36:58","modified_gmt":"2023-02-24T13:36:58","slug":"piatto-led-paneelivalaisin-24w-2400lm-3000-6500k","status":"publish","type":"product","link":"https:\/\/www.ksttukku.fi\/kauppa\/tuote\/piatto-led-paneelivalaisin-24w-2400lm-3000-6500k\/","title":{"rendered":"Piatto led-paneelivalaisin 24W 2400lm 3000-6500K"},"content":{"rendered":"<p>Tyylik\u00e4s ja tasaisesti valaiseva paneelivalaisin kaikkiin kodin kuiviin tiloihin<\/p>\n<p>Valon tehoa ja v\u00e4ril\u00e4mp\u00f6tilaa voi s\u00e4\u00e4t\u00e4\u00e4 mukana tulevalla kaukos\u00e4\u00e4timell\u00e4<\/p>\n<p>Teho: 24W<\/p>\n<p>Valovirta: 2400 lm<\/p>\n<p>J\u00e4nnite: 230V\/50Hz<\/p>\n<p>IP-luokitus: IP20<\/p>\n<p>V\u00e4ril\u00e4mp\u00f6tila: 3000 &#8211; 6500 K,<\/p>\n<p>Mitat: 450 x 450 x 48 mm<\/p>\n","protected":false},"excerpt":{"rendered":"<p>Tyylik\u00e4s ja tasaisesti valaiseva paneelivalaisin kaikkiin kodin kuiviin tiloihin Valon tehoa ja v\u00e4ril\u00e4mp\u00f6tilaa voi s\u00e4\u00e4t\u00e4\u00e4 mukana tulevalla kaukos\u00e4\u00e4timell\u00e4 Teho: 24W Valovirta: 2400 lm J\u00e4nnite: 230V\/50Hz IP-luokitus: IP20 V\u00e4ril\u00e4mp\u00f6tila: 3000 &#8211; 6500 K, Mitat: 450 x 450 x 48 mm<\/p>\n","protected":false},"featured_media":5294,"comment_status":"closed","ping_status":"closed","template":"","meta":[],"product_brand":[],"product_cat":[183,35,34],"product_tag":[],"class_list":{"0":"post-5293","1":"product","2":"type-product","3":"status-publish","4":"has-post-thumbnail","6":"product_cat-led-paneelivalaisimet","7":"product_cat-sisavalaisimet","8":"product_cat-valaisimet","10":"first","11":"instock","12":"taxable","13":"shipping-taxable","14":"purchasable","15":"product-type-simple"},"_links":{"self":[{"href":"https:\/\/www.ksttukku.fi\/kauppa\/wp-json\/wp\/v2\/product\/5293","targetHints":{"allow":["GET"]}}],"collection":[{"href":"https:\/\/www.ksttukku.fi\/kauppa\/wp-json\/wp\/v2\/product"}],"about":[{"href":"https:\/\/www.ksttukku.fi\/kauppa\/wp-json\/wp\/v2\/types\/product"}],"replies":[{"embeddable":true,"href":"https:\/\/www.ksttukku.fi\/kauppa\/wp-json\/wp\/v2\/comments?post=5293"}],"wp:featuredmedia":[{"embeddable":true,"href":"https:\/\/www.ksttukku.fi\/kauppa\/wp-json\/wp\/v2\/media\/5294"}],"wp:attachment":[{"href":"https:\/\/www.ksttukku.fi\/kauppa\/wp-json\/wp\/v2\/media?parent=5293"}],"wp:term":[{"taxonomy":"product_brand","embeddable":true,"href":"https:\/\/www.ksttukku.fi\/kauppa\/wp-json\/wp\/v2\/product_brand?post=5293"},{"taxonomy":"product_cat","embeddable":true,"href":"https:\/\/www.ksttukku.fi\/kauppa\/wp-json\/wp\/v2\/product_cat?post=5293"},{"taxonomy":"product_tag","embeddable":true,"href":"https:\/\/www.ksttukku.fi\/kauppa\/wp-json\/wp\/v2\/product_tag?post=5293"}],"curies":[{"name":"wp","href":"https:\/\/api.w.org\/{rel}","templated":true}]}}