{"id":5299,"date":"2020-03-04T13:11:20","date_gmt":"2020-03-04T11:11:20","guid":{"rendered":"https:\/\/www.ksttukku.fi\/kauppa\/?post_type=product&#038;p=5299"},"modified":"2025-09-22T16:33:33","modified_gmt":"2025-09-22T13:33:33","slug":"led-teollisuusvalaisin-ip65-2x24w-6600lm","status":"publish","type":"product","link":"https:\/\/www.ksttukku.fi\/kauppa\/tuote\/led-teollisuusvalaisin-ip65-2x24w-6600lm\/","title":{"rendered":"Megaman LED teollisuusvalaisin IP65 2x24W 7200lm"},"content":{"rendered":"<p>Teollisuusvalaisin 48 W vaihdettavilla 24 W LED-putkilla. L\u00e4pijohdotettu 2,5 mm2 johdoilla. Valoteho 7200 lumenia, v\u00e4ril\u00e4mp\u00f6tila 4000 K. Kest\u00e4v\u00e4 PC runko ja kupu. J\u00e4nnite 220-240 V. Kotelointiluokka IP65. Putkien k\u00e4ytt\u00f6ik\u00e4 noin 30 000 tuntia.<\/p>\n","protected":false},"excerpt":{"rendered":"<p>Teollisuusvalaisin 48 W vaihdettavilla 24 W LED-putkilla. L\u00e4pijohdotettu 2,5 mm2 johdoilla. Valoteho 7200 lumenia, v\u00e4ril\u00e4mp\u00f6tila 4000 K. Kest\u00e4v\u00e4 PC runko ja kupu. J\u00e4nnite 220-240 V. Kotelointiluokka IP65. Putkien k\u00e4ytt\u00f6ik\u00e4 noin 30 000 tuntia.<\/p>\n","protected":false},"featured_media":5300,"comment_status":"closed","ping_status":"closed","template":"","meta":[],"product_brand":[],"product_cat":[174,61,36],"product_tag":[],"class_list":{"0":"post-5299","1":"product","2":"type-product","3":"status-publish","4":"has-post-thumbnail","6":"product_cat-riippuvalaisimet-ulkovalaisimet","7":"product_cat-yleisvalaisimet","8":"product_cat-ulkovalaisimet","10":"first","11":"instock","12":"taxable","13":"shipping-taxable","14":"purchasable","15":"product-type-simple"},"_links":{"self":[{"href":"https:\/\/www.ksttukku.fi\/kauppa\/wp-json\/wp\/v2\/product\/5299","targetHints":{"allow":["GET"]}}],"collection":[{"href":"https:\/\/www.ksttukku.fi\/kauppa\/wp-json\/wp\/v2\/product"}],"about":[{"href":"https:\/\/www.ksttukku.fi\/kauppa\/wp-json\/wp\/v2\/types\/product"}],"replies":[{"embeddable":true,"href":"https:\/\/www.ksttukku.fi\/kauppa\/wp-json\/wp\/v2\/comments?post=5299"}],"wp:featuredmedia":[{"embeddable":true,"href":"https:\/\/www.ksttukku.fi\/kauppa\/wp-json\/wp\/v2\/media\/5300"}],"wp:attachment":[{"href":"https:\/\/www.ksttukku.fi\/kauppa\/wp-json\/wp\/v2\/media?parent=5299"}],"wp:term":[{"taxonomy":"product_brand","embeddable":true,"href":"https:\/\/www.ksttukku.fi\/kauppa\/wp-json\/wp\/v2\/product_brand?post=5299"},{"taxonomy":"product_cat","embeddable":true,"href":"https:\/\/www.ksttukku.fi\/kauppa\/wp-json\/wp\/v2\/product_cat?post=5299"},{"taxonomy":"product_tag","embeddable":true,"href":"https:\/\/www.ksttukku.fi\/kauppa\/wp-json\/wp\/v2\/product_tag?post=5299"}],"curies":[{"name":"wp","href":"https:\/\/api.w.org\/{rel}","templated":true}]}}