{"id":5350,"date":"2020-03-14T13:22:42","date_gmt":"2020-03-14T11:22:42","guid":{"rendered":"https:\/\/www.ksttukku.fi\/kauppa\/?post_type=product&#038;p=5350"},"modified":"2023-05-15T16:56:06","modified_gmt":"2023-05-15T13:56:06","slug":"correct-4-os-valkoinen","status":"publish","type":"product","link":"https:\/\/www.ksttukku.fi\/kauppa\/tuote\/correct-4-os-valkoinen\/","title":{"rendered":"Correct 4-os kattospotti valkoinen"},"content":{"rendered":"<p>4-osainen Correct kattovalaisin suunnattavilla valonl\u00e4hteill\u00e4. Sopii erityisen hyvin pitkiin huoneisiin, kuten eteiseen.<\/p>\n<p>Koukkukiinnitys ja pistotulppa<\/p>\n<p>Kanta: 4 x GU10<\/p>\n<p>V\u00e4ri: mattavalkoinen<\/p>\n","protected":false},"excerpt":{"rendered":"<p>4-osainen Correct kattovalaisin suunnattavilla valonl\u00e4hteill\u00e4. Sopii erityisen hyvin pitkiin huoneisiin, kuten eteiseen. Koukkukiinnitys ja pistotulppa Kanta: 4 x GU10 V\u00e4ri: mattavalkoinen<\/p>\n","protected":false},"featured_media":5351,"comment_status":"closed","ping_status":"closed","template":"","meta":[],"product_brand":[],"product_cat":[41,35,34],"product_tag":[],"class_list":{"0":"post-5350","1":"product","2":"type-product","3":"status-publish","4":"has-post-thumbnail","6":"product_cat-kohdevalaisimet","7":"product_cat-sisavalaisimet","8":"product_cat-valaisimet","10":"first","11":"instock","12":"taxable","13":"shipping-taxable","14":"purchasable","15":"product-type-simple"},"_links":{"self":[{"href":"https:\/\/www.ksttukku.fi\/kauppa\/wp-json\/wp\/v2\/product\/5350","targetHints":{"allow":["GET"]}}],"collection":[{"href":"https:\/\/www.ksttukku.fi\/kauppa\/wp-json\/wp\/v2\/product"}],"about":[{"href":"https:\/\/www.ksttukku.fi\/kauppa\/wp-json\/wp\/v2\/types\/product"}],"replies":[{"embeddable":true,"href":"https:\/\/www.ksttukku.fi\/kauppa\/wp-json\/wp\/v2\/comments?post=5350"}],"wp:featuredmedia":[{"embeddable":true,"href":"https:\/\/www.ksttukku.fi\/kauppa\/wp-json\/wp\/v2\/media\/5351"}],"wp:attachment":[{"href":"https:\/\/www.ksttukku.fi\/kauppa\/wp-json\/wp\/v2\/media?parent=5350"}],"wp:term":[{"taxonomy":"product_brand","embeddable":true,"href":"https:\/\/www.ksttukku.fi\/kauppa\/wp-json\/wp\/v2\/product_brand?post=5350"},{"taxonomy":"product_cat","embeddable":true,"href":"https:\/\/www.ksttukku.fi\/kauppa\/wp-json\/wp\/v2\/product_cat?post=5350"},{"taxonomy":"product_tag","embeddable":true,"href":"https:\/\/www.ksttukku.fi\/kauppa\/wp-json\/wp\/v2\/product_tag?post=5350"}],"curies":[{"name":"wp","href":"https:\/\/api.w.org\/{rel}","templated":true}]}}