{"id":5376,"date":"2020-03-17T16:11:34","date_gmt":"2020-03-17T14:11:34","guid":{"rendered":"https:\/\/www.ksttukku.fi\/kauppa\/?post_type=product&#038;p=5376"},"modified":"2025-06-18T14:15:39","modified_gmt":"2025-06-18T11:15:39","slug":"paviljonki-hoogeven-harmaa","status":"publish","type":"product","link":"https:\/\/www.ksttukku.fi\/kauppa\/tuote\/paviljonki-hoogeven-harmaa\/","title":{"rendered":"Paviljonki Hoogeven harmaa"},"content":{"rendered":"<p>Mitat: 380 x 265 x 380 cm. Sateenpit\u00e4v\u00e4, ter\u00e4srunkoinen paviljonki mustilla hyttysverkoilla. Kate UV-suojattua ja PVC-pinnoitettua 300g\/m2 polyesteri\u00e4, katteessa vesirei\u00e4t 1kpl\/lape. 8-ruoteinen kattorakenne 15 x 30 mm ja 20 x 20 mm, sein\u00e4m\u00e4vahvuus 0,5 mm. Pystytolpat 50 x 50 mm, sivuaidat 15 x 30 mm.<\/p>\n","protected":false},"excerpt":{"rendered":"<p>Mitat: 380 x 265 x 380 cm. Sateenpit\u00e4v\u00e4, ter\u00e4srunkoinen paviljonki mustilla hyttysverkoilla. Kate UV-suojattua ja PVC-pinnoitettua 300g\/m2 polyesteri\u00e4, katteessa vesirei\u00e4t 1kpl\/lape. 8-ruoteinen kattorakenne 15 x 30 mm ja 20 x 20 mm, sein\u00e4m\u00e4vahvuus 0,5 mm. Pystytolpat 50 x 50 mm, sivuaidat 15 x 30 mm.<\/p>\n","protected":false},"featured_media":5377,"comment_status":"closed","ping_status":"closed","template":"","meta":[],"product_brand":[],"product_cat":[119,130],"product_tag":[],"class_list":{"0":"post-5376","1":"product","2":"type-product","3":"status-publish","4":"has-post-thumbnail","6":"product_cat-kesakalusteet","7":"product_cat-puutarhakatokset","9":"first","10":"instock","11":"taxable","12":"shipping-taxable","13":"purchasable","14":"product-type-simple"},"_links":{"self":[{"href":"https:\/\/www.ksttukku.fi\/kauppa\/wp-json\/wp\/v2\/product\/5376","targetHints":{"allow":["GET"]}}],"collection":[{"href":"https:\/\/www.ksttukku.fi\/kauppa\/wp-json\/wp\/v2\/product"}],"about":[{"href":"https:\/\/www.ksttukku.fi\/kauppa\/wp-json\/wp\/v2\/types\/product"}],"replies":[{"embeddable":true,"href":"https:\/\/www.ksttukku.fi\/kauppa\/wp-json\/wp\/v2\/comments?post=5376"}],"wp:featuredmedia":[{"embeddable":true,"href":"https:\/\/www.ksttukku.fi\/kauppa\/wp-json\/wp\/v2\/media\/5377"}],"wp:attachment":[{"href":"https:\/\/www.ksttukku.fi\/kauppa\/wp-json\/wp\/v2\/media?parent=5376"}],"wp:term":[{"taxonomy":"product_brand","embeddable":true,"href":"https:\/\/www.ksttukku.fi\/kauppa\/wp-json\/wp\/v2\/product_brand?post=5376"},{"taxonomy":"product_cat","embeddable":true,"href":"https:\/\/www.ksttukku.fi\/kauppa\/wp-json\/wp\/v2\/product_cat?post=5376"},{"taxonomy":"product_tag","embeddable":true,"href":"https:\/\/www.ksttukku.fi\/kauppa\/wp-json\/wp\/v2\/product_tag?post=5376"}],"curies":[{"name":"wp","href":"https:\/\/api.w.org\/{rel}","templated":true}]}}