{"id":540,"date":"2018-02-16T14:49:33","date_gmt":"2018-02-16T12:49:33","guid":{"rendered":"http:\/\/www.ksttukku.fi\/kauppa\/?post_type=product&#038;p=540"},"modified":"2020-05-04T12:46:47","modified_gmt":"2020-05-04T09:46:47","slug":"kartano-pylvas-valkoinen-115cm","status":"publish","type":"product","link":"https:\/\/www.ksttukku.fi\/kauppa\/tuote\/kartano-pylvas-valkoinen-115cm\/","title":{"rendered":"Kartano pylv\u00e4s valkoinen 115cm"},"content":{"rendered":"<p>Kartano-pylv\u00e4svalaisimet sopivat mainiosti suomalaiseen pientalomilj\u00f6\u00f6seen \u2013 yksin tai yhdess\u00e4 Kartano- sein\u00e4valaisimien kanssa, mustana tai valkoisena. Sarjassa on useita malleja ja kokoja eri k\u00e4ytt\u00f6tilanteisiin.<\/p>\n<p>Valaisimen mitat: 195 x 1150 mm<\/p>\n<p>Valonl\u00e4hde: E27 (ei sis\u00e4lly pakkaukseen)<\/p>\n<p>V\u00e4ri: valkoinen<\/p>\n","protected":false},"excerpt":{"rendered":"<p>Kartano-pylv\u00e4svalaisimet sopivat mainiosti suomalaiseen pientalomilj\u00f6\u00f6seen \u2013 yksin tai yhdess\u00e4 Kartano- sein\u00e4valaisimien kanssa, mustana tai valkoisena. Sarjassa on useita malleja ja kokoja eri k\u00e4ytt\u00f6tilanteisiin. Valaisimen mitat: 195 x 1150 mm Valonl\u00e4hde: E27 (ei sis\u00e4lly pakkaukseen) V\u00e4ri: valkoinen<\/p>\n","protected":false},"featured_media":546,"comment_status":"closed","ping_status":"closed","template":"","meta":[],"product_brand":[],"product_cat":[38,36],"product_tag":[],"class_list":{"0":"post-540","1":"product","2":"type-product","3":"status-publish","4":"has-post-thumbnail","6":"product_cat-pylvasvalaisimet","7":"product_cat-ulkovalaisimet","9":"first","10":"instock","11":"taxable","12":"shipping-taxable","13":"purchasable","14":"product-type-simple"},"_links":{"self":[{"href":"https:\/\/www.ksttukku.fi\/kauppa\/wp-json\/wp\/v2\/product\/540","targetHints":{"allow":["GET"]}}],"collection":[{"href":"https:\/\/www.ksttukku.fi\/kauppa\/wp-json\/wp\/v2\/product"}],"about":[{"href":"https:\/\/www.ksttukku.fi\/kauppa\/wp-json\/wp\/v2\/types\/product"}],"replies":[{"embeddable":true,"href":"https:\/\/www.ksttukku.fi\/kauppa\/wp-json\/wp\/v2\/comments?post=540"}],"wp:featuredmedia":[{"embeddable":true,"href":"https:\/\/www.ksttukku.fi\/kauppa\/wp-json\/wp\/v2\/media\/546"}],"wp:attachment":[{"href":"https:\/\/www.ksttukku.fi\/kauppa\/wp-json\/wp\/v2\/media?parent=540"}],"wp:term":[{"taxonomy":"product_brand","embeddable":true,"href":"https:\/\/www.ksttukku.fi\/kauppa\/wp-json\/wp\/v2\/product_brand?post=540"},{"taxonomy":"product_cat","embeddable":true,"href":"https:\/\/www.ksttukku.fi\/kauppa\/wp-json\/wp\/v2\/product_cat?post=540"},{"taxonomy":"product_tag","embeddable":true,"href":"https:\/\/www.ksttukku.fi\/kauppa\/wp-json\/wp\/v2\/product_tag?post=540"}],"curies":[{"name":"wp","href":"https:\/\/api.w.org\/{rel}","templated":true}]}}