{"id":5402,"date":"2020-03-21T14:47:05","date_gmt":"2020-03-21T12:47:05","guid":{"rendered":"https:\/\/www.ksttukku.fi\/kauppa\/?post_type=product&#038;p=5402"},"modified":"2020-03-21T14:47:33","modified_gmt":"2020-03-21T12:47:33","slug":"deco-led-paneelivalaisin-40w-4300lm","status":"publish","type":"product","link":"https:\/\/www.ksttukku.fi\/kauppa\/tuote\/deco-led-paneelivalaisin-40w-4300lm\/","title":{"rendered":"Deco led-paneelivalaisin 40W 4300lm"},"content":{"rendered":"<p>N\u00e4ytt\u00e4v\u00e4 ja tasaisesti valaiseva paneelivalaisin kaikkiin kodin kuiviin tiloihin<\/p>\n<p>Valon tehoa ja v\u00e4ril\u00e4mp\u00f6tilaa voi s\u00e4\u00e4t\u00e4\u00e4 mukana tulevalla kaukos\u00e4\u00e4timell\u00e4<\/p>\n<p>Teho: 40W<\/p>\n<p>Valovirta: 4300 lm<\/p>\n<p>J\u00e4nnite: 230V\/50Hz<\/p>\n<p>IP-luokitus: IP20<\/p>\n<p>V\u00e4ril\u00e4mp\u00f6tila: 2700 &#8211; 6500 K,<\/p>\n<p>Mitat: 595 x 595 x 50 mm<\/p>\n","protected":false},"excerpt":{"rendered":"<p>N\u00e4ytt\u00e4v\u00e4 ja tasaisesti valaiseva paneelivalaisin kaikkiin kodin kuiviin tiloihin Valon tehoa ja v\u00e4ril\u00e4mp\u00f6tilaa voi s\u00e4\u00e4t\u00e4\u00e4 mukana tulevalla kaukos\u00e4\u00e4timell\u00e4 Teho: 40W Valovirta: 4300 lm J\u00e4nnite: 230V\/50Hz IP-luokitus: IP20 V\u00e4ril\u00e4mp\u00f6tila: 2700 &#8211; 6500 K, Mitat: 595 x 595 x 50 mm<\/p>\n","protected":false},"featured_media":5403,"comment_status":"closed","ping_status":"closed","template":"","meta":[],"product_brand":[],"product_cat":[40,183,35,34],"product_tag":[],"class_list":{"0":"post-5402","1":"product","2":"type-product","3":"status-publish","4":"has-post-thumbnail","6":"product_cat-kattovalaisimet","7":"product_cat-led-paneelivalaisimet","8":"product_cat-sisavalaisimet","9":"product_cat-valaisimet","11":"first","12":"instock","13":"taxable","14":"shipping-taxable","15":"purchasable","16":"product-type-simple"},"_links":{"self":[{"href":"https:\/\/www.ksttukku.fi\/kauppa\/wp-json\/wp\/v2\/product\/5402","targetHints":{"allow":["GET"]}}],"collection":[{"href":"https:\/\/www.ksttukku.fi\/kauppa\/wp-json\/wp\/v2\/product"}],"about":[{"href":"https:\/\/www.ksttukku.fi\/kauppa\/wp-json\/wp\/v2\/types\/product"}],"replies":[{"embeddable":true,"href":"https:\/\/www.ksttukku.fi\/kauppa\/wp-json\/wp\/v2\/comments?post=5402"}],"wp:featuredmedia":[{"embeddable":true,"href":"https:\/\/www.ksttukku.fi\/kauppa\/wp-json\/wp\/v2\/media\/5403"}],"wp:attachment":[{"href":"https:\/\/www.ksttukku.fi\/kauppa\/wp-json\/wp\/v2\/media?parent=5402"}],"wp:term":[{"taxonomy":"product_brand","embeddable":true,"href":"https:\/\/www.ksttukku.fi\/kauppa\/wp-json\/wp\/v2\/product_brand?post=5402"},{"taxonomy":"product_cat","embeddable":true,"href":"https:\/\/www.ksttukku.fi\/kauppa\/wp-json\/wp\/v2\/product_cat?post=5402"},{"taxonomy":"product_tag","embeddable":true,"href":"https:\/\/www.ksttukku.fi\/kauppa\/wp-json\/wp\/v2\/product_tag?post=5402"}],"curies":[{"name":"wp","href":"https:\/\/api.w.org\/{rel}","templated":true}]}}