{"id":5431,"date":"2020-03-27T17:42:58","date_gmt":"2020-03-27T15:42:58","guid":{"rendered":"https:\/\/www.ksttukku.fi\/kauppa\/?post_type=product&#038;p=5431"},"modified":"2024-05-14T11:56:11","modified_gmt":"2024-05-14T08:56:11","slug":"robottiruohonleikkuri-einhell-freelexo","status":"publish","type":"product","link":"https:\/\/www.ksttukku.fi\/kauppa\/tuote\/robottiruohonleikkuri-einhell-freelexo\/","title":{"rendered":"Robottiruohonleikkuri Einhell FREELEXO+"},"content":{"rendered":"<p><span id=\"data1\" class=\"pt1\">FREELEXO-robottileikkuri palaa telakkaansa latautumaan automaattisesti. Laitteessa on varkaudenesto PIN-koodilla ja h\u00e4lytys\u00e4\u00e4ni. Laite on suojattu tunnistimin nostamisen, kallistumisen ja t\u00f6rm\u00e4yksen varalta. Leikkurissa on my\u00f6s sadetunnistin. Robottileikkurin leikkuukorkeus on s\u00e4\u00e4dett\u00e4viss\u00e4 20\u201360 mm.<\/span><\/p>\n<p>Varustus:<br \/>\n&#8211; toimii yhdell\u00e4 18 V Einhell PXC-akulla, joka k\u00e4y my\u00f6s muihin laitteisiin, akku ei sis.<br \/>\n&#8211; yksil\u00f6lliset s\u00e4\u00e4d\u00f6t APPilla Bluetooh-yhteyden kautta tai laitteen LCD-n\u00e4yt\u00f6st\u00e4<br \/>\n&#8211; monialue-leikkuu monimuotoisiin pihoihin<br \/>\n&#8211; ty\u00f6aika p\u00e4iv\u00e4kohtaisesti ohjelmoitavissa<br \/>\n&#8211; turvallisuustunnistimet nostamisen, kallistumisen ja t\u00f6rm\u00e4yksen varalle<br \/>\n&#8211; varkaudenestoon PIN-koodi tai varash\u00e4lytin<br \/>\n&#8211; sadetunnistin<br \/>\n&#8211; leikkuukorkeudens\u00e4\u00e4t\u00f6 (20 &#8211; 60 mm)<br \/>\n&#8211; soveltuu kalteville pihoille 35 % nousukulmiin asti<br \/>\n&#8211; kantokahva laitteen helppoon siirt\u00e4miseen<br \/>\n&#8211; paluu telakkaan latautumaan automaattisesti<\/p>\n<p>Tekniset tiedot:<br \/>\nj\u00e4nnite: 18 V<br \/>\nleikkuuleveys: 18 cm<br \/>\nleikkuukorkeudens\u00e4\u00e4t\u00f6: 20-60 mm (portaaton)<br \/>\nmaksimikaltevuus: 35 %*<\/p>\n<p>*Ruohonleikkuurobotti voi nousta enint\u00e4\u00e4n 35 %:n nousukulmassa. Nousu lasketaan korkeuseron (a) ja v\u00e4limatkan kautta (b) seuraavasti: a\/b = 35 cm\/100 cm = 35 %.<\/p>\n","protected":false},"excerpt":{"rendered":"<p>Einhell FREELEXO+ robottiruohonleikkuri on Power X-Change sarjan uutuustuote, jota voit k\u00e4ytt\u00e4\u00e4 mink\u00e4 PXC-akun kanssa haluat. Voit ohjelmoida leikkurin \u00e4lypuhelimesi APPin kautta tai laitteen LCD-n\u00e4yt\u00f6st\u00e4 kuten haluat. Leikkuri soveltuu my\u00f6s monimuotoisille pihoille ja rinteisiin, joiden maksimikaltevuus on 35 %.<\/p>\n<p>Ilmainen toimitus<\/p>\n","protected":false},"featured_media":5432,"comment_status":"closed","ping_status":"closed","template":"","meta":[],"product_brand":[],"product_cat":[328],"product_tag":[],"class_list":{"0":"post-5431","1":"product","2":"type-product","3":"status-publish","4":"has-post-thumbnail","6":"product_cat-robottiruohonleikkurit","8":"first","9":"outofstock","10":"taxable","11":"shipping-taxable","12":"purchasable","13":"product-type-simple"},"_links":{"self":[{"href":"https:\/\/www.ksttukku.fi\/kauppa\/wp-json\/wp\/v2\/product\/5431","targetHints":{"allow":["GET"]}}],"collection":[{"href":"https:\/\/www.ksttukku.fi\/kauppa\/wp-json\/wp\/v2\/product"}],"about":[{"href":"https:\/\/www.ksttukku.fi\/kauppa\/wp-json\/wp\/v2\/types\/product"}],"replies":[{"embeddable":true,"href":"https:\/\/www.ksttukku.fi\/kauppa\/wp-json\/wp\/v2\/comments?post=5431"}],"wp:featuredmedia":[{"embeddable":true,"href":"https:\/\/www.ksttukku.fi\/kauppa\/wp-json\/wp\/v2\/media\/5432"}],"wp:attachment":[{"href":"https:\/\/www.ksttukku.fi\/kauppa\/wp-json\/wp\/v2\/media?parent=5431"}],"wp:term":[{"taxonomy":"product_brand","embeddable":true,"href":"https:\/\/www.ksttukku.fi\/kauppa\/wp-json\/wp\/v2\/product_brand?post=5431"},{"taxonomy":"product_cat","embeddable":true,"href":"https:\/\/www.ksttukku.fi\/kauppa\/wp-json\/wp\/v2\/product_cat?post=5431"},{"taxonomy":"product_tag","embeddable":true,"href":"https:\/\/www.ksttukku.fi\/kauppa\/wp-json\/wp\/v2\/product_tag?post=5431"}],"curies":[{"name":"wp","href":"https:\/\/api.w.org\/{rel}","templated":true}]}}