{"id":5437,"date":"2020-03-28T13:12:43","date_gmt":"2020-03-28T11:12:43","guid":{"rendered":"https:\/\/www.ksttukku.fi\/kauppa\/?post_type=product&#038;p=5437"},"modified":"2024-05-06T11:20:08","modified_gmt":"2024-05-06T08:20:08","slug":"robottiruohonleikkurin-lankasarja-1100m2","status":"publish","type":"product","link":"https:\/\/www.ksttukku.fi\/kauppa\/tuote\/robottiruohonleikkurin-lankasarja-1100m2\/","title":{"rendered":"Robottiruohonleikkurin lankasarja 1100m2"},"content":{"rendered":"<p><span id=\"data1\" class=\"pt1\">Pakkaus sis\u00e4lt\u00e4\u00e4:<br \/>\n200 m asennuslankaa<br \/>\n285 kpl maapiikkej\u00e4 langalle<br \/>\n3 kpl varateri\u00e4<br \/>\n4 kpl liittimi\u00e4 langalle <\/span><\/p>\n","protected":false},"excerpt":{"rendered":"<p>Einhell FREELEXO robottiruohonleikkureihin suunniteltu lankasarja. Pakkaus sis\u00e4lt\u00e4\u00e4 akkua lukuunottamatta kaiken, mit\u00e4 tarvitset robottileikkurin asennukseen 1100 neli\u00f6n pihalle.<\/p>\n","protected":false},"featured_media":5438,"comment_status":"closed","ping_status":"closed","template":"","meta":[],"product_brand":[],"product_cat":[328],"product_tag":[],"class_list":{"0":"post-5437","1":"product","2":"type-product","3":"status-publish","4":"has-post-thumbnail","6":"product_cat-robottiruohonleikkurit","8":"first","9":"outofstock","10":"taxable","11":"shipping-taxable","12":"purchasable","13":"product-type-simple"},"_links":{"self":[{"href":"https:\/\/www.ksttukku.fi\/kauppa\/wp-json\/wp\/v2\/product\/5437","targetHints":{"allow":["GET"]}}],"collection":[{"href":"https:\/\/www.ksttukku.fi\/kauppa\/wp-json\/wp\/v2\/product"}],"about":[{"href":"https:\/\/www.ksttukku.fi\/kauppa\/wp-json\/wp\/v2\/types\/product"}],"replies":[{"embeddable":true,"href":"https:\/\/www.ksttukku.fi\/kauppa\/wp-json\/wp\/v2\/comments?post=5437"}],"wp:featuredmedia":[{"embeddable":true,"href":"https:\/\/www.ksttukku.fi\/kauppa\/wp-json\/wp\/v2\/media\/5438"}],"wp:attachment":[{"href":"https:\/\/www.ksttukku.fi\/kauppa\/wp-json\/wp\/v2\/media?parent=5437"}],"wp:term":[{"taxonomy":"product_brand","embeddable":true,"href":"https:\/\/www.ksttukku.fi\/kauppa\/wp-json\/wp\/v2\/product_brand?post=5437"},{"taxonomy":"product_cat","embeddable":true,"href":"https:\/\/www.ksttukku.fi\/kauppa\/wp-json\/wp\/v2\/product_cat?post=5437"},{"taxonomy":"product_tag","embeddable":true,"href":"https:\/\/www.ksttukku.fi\/kauppa\/wp-json\/wp\/v2\/product_tag?post=5437"}],"curies":[{"name":"wp","href":"https:\/\/api.w.org\/{rel}","templated":true}]}}