{"id":5441,"date":"2020-03-28T13:30:29","date_gmt":"2020-03-28T11:30:29","guid":{"rendered":"https:\/\/www.ksttukku.fi\/kauppa\/?post_type=product&#038;p=5441"},"modified":"2024-05-06T11:23:03","modified_gmt":"2024-05-06T08:23:03","slug":"robottiruohonleikkurin-asennussarja-1200m2","status":"publish","type":"product","link":"https:\/\/www.ksttukku.fi\/kauppa\/tuote\/robottiruohonleikkurin-asennussarja-1200m2\/","title":{"rendered":"Robottiruohonleikkurin asennussarja 1200m2"},"content":{"rendered":"<p><span id=\"data1\" class=\"pt1\">Pakkaus sis\u00e4lt\u00e4\u00e4:<br \/>\nEinhell PXC Plus akku 18 V 5,2 Ah<br \/>\nEinhell PXC pikalaturi<br \/>\n210 m asennuslankaa<br \/>\n300 kpl lankapiikkej\u00e4<br \/>\n3 kpl varateri\u00e4<br \/>\n4 kpl liittimi\u00e4 langalle <\/span><\/p>\n","protected":false},"excerpt":{"rendered":"<p>Einhell Freelexo robottiruohonleikkureihin suunniteltu asennussarja. Pakkaus sis\u00e4lt\u00e4\u00e4 Einhell PXC akun ja pikalaturin sek\u00e4 kaikki asennustarvikkeet, mit\u00e4 tarvitset robottiruohonleikkurin k\u00e4ytt\u00f6\u00f6nottoon noin 1200 neli\u00f6n nurmikkoa varten.<\/p>\n","protected":false},"featured_media":5442,"comment_status":"closed","ping_status":"closed","template":"","meta":[],"product_brand":[],"product_cat":[328],"product_tag":[],"class_list":{"0":"post-5441","1":"product","2":"type-product","3":"status-publish","4":"has-post-thumbnail","6":"product_cat-robottiruohonleikkurit","8":"first","9":"outofstock","10":"taxable","11":"shipping-taxable","12":"purchasable","13":"product-type-simple"},"_links":{"self":[{"href":"https:\/\/www.ksttukku.fi\/kauppa\/wp-json\/wp\/v2\/product\/5441","targetHints":{"allow":["GET"]}}],"collection":[{"href":"https:\/\/www.ksttukku.fi\/kauppa\/wp-json\/wp\/v2\/product"}],"about":[{"href":"https:\/\/www.ksttukku.fi\/kauppa\/wp-json\/wp\/v2\/types\/product"}],"replies":[{"embeddable":true,"href":"https:\/\/www.ksttukku.fi\/kauppa\/wp-json\/wp\/v2\/comments?post=5441"}],"wp:featuredmedia":[{"embeddable":true,"href":"https:\/\/www.ksttukku.fi\/kauppa\/wp-json\/wp\/v2\/media\/5442"}],"wp:attachment":[{"href":"https:\/\/www.ksttukku.fi\/kauppa\/wp-json\/wp\/v2\/media?parent=5441"}],"wp:term":[{"taxonomy":"product_brand","embeddable":true,"href":"https:\/\/www.ksttukku.fi\/kauppa\/wp-json\/wp\/v2\/product_brand?post=5441"},{"taxonomy":"product_cat","embeddable":true,"href":"https:\/\/www.ksttukku.fi\/kauppa\/wp-json\/wp\/v2\/product_cat?post=5441"},{"taxonomy":"product_tag","embeddable":true,"href":"https:\/\/www.ksttukku.fi\/kauppa\/wp-json\/wp\/v2\/product_tag?post=5441"}],"curies":[{"name":"wp","href":"https:\/\/api.w.org\/{rel}","templated":true}]}}